{"id":19199,"date":"2024-01-26T12:09:46","date_gmt":"2024-01-26T11:09:46","guid":{"rendered":"https:\/\/staging.plenoil.pt\/cheques\/"},"modified":"2024-05-23T09:58:27","modified_gmt":"2024-05-23T07:58:27","slug":"cheques","status":"publish","type":"page","link":"https:\/\/staging.plenergy.pt\/en\/cheques\/","title":{"rendered":"Cheques"},"content":{"rendered":"\t\t<div data-elementor-type=\"wp-page\" data-elementor-id=\"19199\" class=\"elementor elementor-19199 elementor-17281\" data-elementor-post-type=\"page\">\n\t\t\t\t\t\t<section class=\"elementor-section elementor-top-section elementor-element elementor-element-4253498 elementor-section-full_width elementor-section-height-default elementor-section-height-default\" data-id=\"4253498\" data-element_type=\"section\">\n\t\t\t\t\t\t<div class=\"elementor-container elementor-column-gap-default\">\n\t\t\t\t\t<div class=\"elementor-column elementor-col-100 elementor-top-column elementor-element elementor-element-3a8429c\" data-id=\"3a8429c\" data-element_type=\"column\">\n\t\t\t<div class=\"elementor-widget-wrap elementor-element-populated\">\n\t\t\t\t\t\t<div class=\"elementor-element elementor-element-f07d68b elementor-widget elementor-widget-spacer\" data-id=\"f07d68b\" data-element_type=\"widget\" data-widget_type=\"spacer.default\">\n\t\t\t\t<div class=\"elementor-widget-container\">\n\t\t\t\t\t\t\t<div class=\"elementor-spacer\">\n\t\t\t<div class=\"elementor-spacer-inner\"><\/div>\n\t\t<\/div>\n\t\t\t\t\t\t<\/div>\n\t\t\t\t<\/div>\n\t\t\t\t<div class=\"elementor-element elementor-element-202bdbd elementor-widget elementor-widget-image\" data-id=\"202bdbd\" data-element_type=\"widget\" data-widget_type=\"image.default\">\n\t\t\t\t<div class=\"elementor-widget-container\">\n\t\t\t\t\t\t\t\t\t\t\t\t\t\t\t<img decoding=\"async\" width=\"300\" height=\"67\" src=\"https:\/\/staging.plenergy.pt\/wp-content\/uploads\/2023\/11\/Logo-transparente-300x67.png\" class=\"attachment-medium size-medium wp-image-12662\" alt=\"\" srcset=\"https:\/\/staging.plenergy.pt\/wp-content\/uploads\/2023\/11\/Logo-transparente-300x67.png 300w, https:\/\/staging.plenergy.pt\/wp-content\/uploads\/2023\/11\/Logo-transparente-1024x229.png 1024w, https:\/\/staging.plenergy.pt\/wp-content\/uploads\/2023\/11\/Logo-transparente-768x172.png 768w, https:\/\/staging.plenergy.pt\/wp-content\/uploads\/2023\/11\/Logo-transparente.png 1134w\" sizes=\"(max-width: 300px) 100vw, 300px\" \/>\t\t\t\t\t\t\t\t\t\t\t\t\t\t\t<\/div>\n\t\t\t\t<\/div>\n\t\t\t\t<div class=\"elementor-element elementor-element-afda24f elementor-widget elementor-widget-spacer\" data-id=\"afda24f\" data-element_type=\"widget\" data-widget_type=\"spacer.default\">\n\t\t\t\t<div class=\"elementor-widget-container\">\n\t\t\t\t\t\t\t<div class=\"elementor-spacer\">\n\t\t\t<div class=\"elementor-spacer-inner\"><\/div>\n\t\t<\/div>\n\t\t\t\t\t\t<\/div>\n\t\t\t\t<\/div>\n\t\t\t\t\t<\/div>\n\t\t<\/div>\n\t\t\t\t\t<\/div>\n\t\t<\/section>\n\t\t\t\t<section class=\"elementor-section elementor-top-section elementor-element elementor-element-01b6e3e elementor-section-full_width elementor-section-stretched elementor-section-content-middle elementor-section-height-default elementor-section-height-default\" data-id=\"01b6e3e\" data-element_type=\"section\" data-settings=\"{&quot;background_background&quot;:&quot;classic&quot;,&quot;stretch_section&quot;:&quot;section-stretched&quot;}\">\n\t\t\t\t\t\t\t<div class=\"elementor-background-overlay\"><\/div>\n\t\t\t\t\t\t\t<div class=\"elementor-container elementor-column-gap-default\">\n\t\t\t\t\t<div class=\"elementor-column elementor-col-100 elementor-top-column elementor-element elementor-element-c3b9d7a absoluto\" data-id=\"c3b9d7a\" data-element_type=\"column\" data-settings=\"{&quot;background_background&quot;:&quot;classic&quot;}\">\n\t\t\t<div class=\"elementor-widget-wrap elementor-element-populated\">\n\t\t\t\t\t<div class=\"elementor-background-overlay\"><\/div>\n\t\t\t\t\t\t<div class=\"elementor-element elementor-element-b2fccec elementor-widget elementor-widget-heading\" data-id=\"b2fccec\" data-element_type=\"widget\" data-widget_type=\"heading.default\">\n\t\t\t\t<div class=\"elementor-widget-container\">\n\t\t\t\t\t<h2 class=\"elementor-heading-title elementor-size-default\">Solicitud de devoluci\u00f3n de cheque<\/h2>\t\t\t\t<\/div>\n\t\t\t\t<\/div>\n\t\t\t\t<div class=\"elementor-element elementor-element-74110e0 elementor-widget elementor-widget-text-editor\" data-id=\"74110e0\" data-element_type=\"widget\" data-widget_type=\"text-editor.default\">\n\t\t\t\t<div class=\"elementor-widget-container\">\n\t\t\t\t\t\t\t\t\tRellene el siguiente formulario para solicitar la devoluci\u00f3n del importe sobrante de su cheque devoluci\u00f3n.\t\t\t\t\t\t\t\t<\/div>\n\t\t\t\t<\/div>\n\t\t\t\t<div class=\"elementor-element elementor-element-7fb28a1 elementor-widget__width-initial elementor-widget elementor-widget-elementskit-contact-form7\" data-id=\"7fb28a1\" data-element_type=\"widget\" data-widget_type=\"elementskit-contact-form7.default\">\n\t\t\t\t<div class=\"elementor-widget-container\">\n\t\t\t\t\t<div class=\"ekit-wid-con\" ><div class=\"ekit-form\">\n<div class=\"wpcf7 no-js\" id=\"wpcf7-f17491-o1\" lang=\"es-ES\" dir=\"ltr\" data-wpcf7-id=\"17491\">\n<div class=\"screen-reader-response\"><p role=\"status\" aria-live=\"polite\" aria-atomic=\"true\"><\/p> <ul><\/ul><\/div>\n<form action=\"\/en\/wp-json\/wp\/v2\/pages\/19199#wpcf7-f17491-o1\" method=\"post\" class=\"wpcf7-form init wpcf7-acceptance-as-validation\" aria-label=\"Formulario de contacto\" novalidate=\"novalidate\" data-status=\"init\">\n<div style=\"display: none;\">\n<input type=\"hidden\" name=\"_wpcf7\" value=\"17491\" \/>\n<input type=\"hidden\" name=\"_wpcf7_version\" value=\"6.0.4\" \/>\n<input type=\"hidden\" name=\"_wpcf7_locale\" value=\"es_ES\" \/>\n<input type=\"hidden\" name=\"_wpcf7_unit_tag\" value=\"wpcf7-f17491-o1\" \/>\n<input type=\"hidden\" name=\"_wpcf7_container_post\" value=\"0\" \/>\n<input type=\"hidden\" name=\"_wpcf7_posted_data_hash\" value=\"\" \/>\n<input type=\"hidden\" name=\"_wpcf7_recaptcha_response\" value=\"\" \/>\n<\/div>\n<style>\n\n.elementor-17281 .elementor-element.elementor-element-7fb28a1 .ekit-form form input:not([type=\"submit\"]):not([type=\"checkbox\"]):not([type=\"radio\"]), .elementor-17281 .elementor-element.elementor-element-7fb28a1 .ekit-form form select\n{\nbackground:#F7F8FC;\nborder:0;\nfont-family: var(--e-global-typography-text-font-family), Sans-serif;\n font-size: var(--e-global-typography-text-font-size);\n font-weight: var(--e-global-typography-text-font-weight);\n line-height: var(--e-global-typography-text-line-height);\n}\n\n.orange_asteric {\n color: #FF6326 !important;\n display: inline-block !important;\n}\n\n.wpcf7-list-item span {\nmarging:0 !important;}\n\n\n.pt-2{\npadding-top:2rem;}\n\n.boton-naranja input{\n background: #FF6326 !important;\nborder-radius: 30px !important;}\n\n.formulario-devolucion .wpcf7-not-valid-tip {\n color: #dc3232 !important;\n font-size: 1em;\n font-weight: normal;\n margin-bottom: 15px !important;\n\n}\n.formulario-devolucion input, .formulario-devolucion select{\n margin-bottom: 5px !important;\n\n}\n.form_contacto_acepta, .wpcf7-list-item-label{display: inline-block !important;top: -1px;position: relative;}\n\ninput::placeholder {color:#888 !important;}\n<\/style>\n<div class=\"formulario-devolucion\">\n\t<div class=\"row pt-2\">\n\t\t<div class=\"col-sm\">\n\t\t\t<p><label> Nombre y apellidos <span class=\"orange_asteric\">*<\/span> <span class=\"wpcf7-form-control-wrap\" data-name=\"full-name\"><input size=\"40\" maxlength=\"400\" class=\"wpcf7-form-control wpcf7-text wpcf7-validates-as-required\" aria-required=\"true\" aria-invalid=\"false\" value=\"\" type=\"text\" name=\"full-name\" \/><\/span> <\/label>\n\t\t\t<\/p>\n\t\t<\/div>\n\t<\/div>\n\t<div class=\"row pt-2\">\n\t\t<div class=\"col-sm\">\n\t\t\t<p><label> Tel\u00e9fono <span class=\"orange_asteric\">*<\/span> <span class=\"wpcf7-form-control-wrap\" data-name=\"phone-number\"><input size=\"40\" maxlength=\"400\" class=\"wpcf7-form-control wpcf7-tel wpcf7-validates-as-required wpcf7-text wpcf7-validates-as-tel\" aria-required=\"true\" aria-invalid=\"false\" value=\"\" type=\"tel\" name=\"phone-number\" \/><\/span> <\/label>\n\t\t\t<\/p>\n\t\t<\/div>\n\t\t<div class=\"col-sm\">\n\t\t\t<p><label> Email <span class=\"orange_asteric\">*<\/span> <span class=\"wpcf7-form-control-wrap\" data-name=\"email\"><input size=\"40\" maxlength=\"400\" class=\"wpcf7-form-control wpcf7-email wpcf7-validates-as-required wpcf7-text wpcf7-validates-as-email\" aria-required=\"true\" aria-invalid=\"false\" value=\"\" type=\"email\" name=\"email\" \/><\/span> <\/label>\n\t\t\t<\/p>\n\t\t<\/div>\n\t<\/div>\n\t<div class=\"row pt-2\">\n\t\t<div class=\"col-sm\">\n\t\t\t<p><label> N\u00famero de cuenta bancaria <span class=\"orange_asteric\">*<\/span> <span class=\"wpcf7-form-control-wrap\" data-name=\"number-acount\"><input size=\"40\" maxlength=\"35\" minlength=\"5\" class=\"wpcf7-form-control wpcf7-text wpcf7-validates-as-required\" aria-required=\"true\" aria-invalid=\"false\" placeholder=\"ES0000000000000000000000\" value=\"\" type=\"text\" name=\"number-acount\" \/><\/span> <\/label>\n\t\t\t<\/p>\n\t\t<\/div>\n\t<\/div>\n\t<div class=\"row pt-2\">\n\t\t<div class=\"col-sm\">\n\t\t\t<p><label> <label> Fecha de repostaje <span class=\"orange_asteric\">*<\/span> <span class=\"wpcf7-form-control-wrap\" data-name=\"reposting-date\"><input class=\"wpcf7-form-control wpcf7-date wpcf7-validates-as-required wpcf7-validates-as-date\" id=\"fecha_id\" aria-required=\"true\" aria-invalid=\"false\" value=\"\" type=\"date\" name=\"reposting-date\" \/><\/span> <\/label><br \/>\n<\/label>\n\t\t\t<\/p>\n\t\t<\/div>\n\t\t<div class=\"col-sm\">\n\t\t\t<p><label> Hora del repostaje <span class=\"orange_asteric\">*<\/span> <span class=\"wpcf7-form-control-wrap\" data-name=\"hora\"><input size=\"40\" maxlength=\"5\" minlength=\"5\" class=\"wpcf7-form-control wpcf7-text wpcf7-validates-as-required\" aria-required=\"true\" aria-invalid=\"false\" placeholder=\"HH:mm\" value=\"\" type=\"text\" name=\"hora\" \/><\/span><small>Hora peninsular<\/small><\/label>\n\t\t\t<\/p>\n\t\t<\/div>\n\t<\/div>\n<input class=\"wpcf7-form-control wpcf7-hidden\" id=\"fecha_formateada\" value=\"\" type=\"hidden\" name=\"fecha_formateada\" \/>\n\t<div class=\"row pt-2\">\n\t\t<div class=\"col-sm\">\n\t\t\t<p><label> Seleccione la gasolinera <span class=\"orange_asteric\">*<\/span> <span class=\"wpcf7-form-control-wrap\" data-name=\"estaciones_plenoil\"><select class=\"wpcf7-form-control wpcf7-select wpcf7-validates-as-required\" aria-required=\"true\" aria-invalid=\"false\" name=\"estaciones_plenoil\"><option value=\"\">Elige una gasolinera<\/option><\/select><\/span><\/label>\n\t\t\t<\/p>\n\t\t<\/div>\n\t<\/div>\n\t<div class=\"row pt-2\">\n\t\t<div class=\"col-sm\">\n\t\t\t<p><label> C\u00f3digo de cheque <span class=\"orange_asteric\">*<\/span> <span class=\"wpcf7-form-control-wrap\" data-name=\"check-code\"><input size=\"40\" maxlength=\"13\" minlength=\"13\" class=\"wpcf7-form-control wpcf7-text wpcf7-validates-as-required\" aria-required=\"true\" aria-invalid=\"false\" value=\"\" type=\"text\" name=\"check-code\" \/><\/span><small>C\u00f3digo de 13 caracteres<\/small><\/label>\n\t\t\t<\/p>\n\t\t<\/div>\n\t\t<div class=\"col-sm\">\n\t\t\t<p><label> Repita el c\u00f3digo de cheque <span class=\"orange_asteric\">*<\/span> <span class=\"wpcf7-form-control-wrap\" data-name=\"check-code-repeat\"><input size=\"40\" maxlength=\"13\" minlength=\"13\" class=\"wpcf7-form-control wpcf7-text wpcf7-validates-as-required\" aria-required=\"true\" aria-invalid=\"false\" value=\"\" type=\"text\" name=\"check-code-repeat\" \/><\/span><small>C\u00f3digo de 13 caracteres<\/small><\/label>\n\t\t\t<\/p>\n\t\t<\/div>\n\t<\/div>\n\t<div class=\"row pt-2\">\n\t\t<div class=\"col-sm\">\n\t\t\t<p><label> Importe del cheque <span class=\"orange_asteric\">*<\/span> <span class=\"wpcf7-form-control-wrap\" data-name=\"check-amount\"><input size=\"40\" maxlength=\"400\" class=\"wpcf7-form-control wpcf7-text wpcf7-validates-as-required\" aria-required=\"true\" aria-invalid=\"false\" placeholder=\"0,00\" value=\"\" type=\"text\" name=\"check-amount\" \/><\/span> <\/label><small>C\u00e9ntimos separados por coma ej: 12,00<\/small>\n\t\t\t<\/p>\n\t\t<\/div>\n\t\t<div class=\"col-sm\">\n\t\t\t<p><label> Repita el importe del cheque <span class=\"orange_asteric\">*<\/span> <span class=\"wpcf7-form-control-wrap\" data-name=\"check-amount-repeat\"><input size=\"40\" maxlength=\"400\" class=\"wpcf7-form-control wpcf7-text wpcf7-validates-as-required\" aria-required=\"true\" aria-invalid=\"false\" placeholder=\"0,00\" value=\"\" type=\"text\" name=\"check-amount-repeat\" \/><\/span><small>C\u00e9ntimos separados por coma ej: 12,00<\/small><\/label>\n\t\t\t<\/p>\n\t\t<\/div>\n\t<\/div>\n\t<div class=\"row pt-2\">\n\t\t<div class=\"col-sm\">\n\t\t\t<div style=\"font-size:12px; line-height: 1.4\">\n\t\t\t\t<p>Aseg\u00farese de poner su cuenta bancaria correctamente ya que ser\u00e1 donde se haga el ingreso. No se asumir\u00e1 responsabilidad por errores en los datos bancarios facilitados. El pago se procesar\u00e1 y se transferir\u00e1 a la cuenta bancaria proporcionada en un plazo de 48 horas. Gracias por su confianza en nuestros servicios. Los datos que proporciona en este formulario se tratan por PLENOIL, S.L. para gestionar la relaci\u00f3n contractual y realizarle comunicaciones y notificaciones. Tiene derecho a acceder a los mismos y solicitar que se rectifiquen o se supriman, o en su caso, que se limite su tratamiento o se realice su portabilidad. Puede ejercer sus derechos conforme a lo establecido en la informaci\u00f3n adicional sobre Protecci\u00f3n de Datos incluida en nuestra <a href=\"https:\/\/plenoil.es\/politica-de-privacidad\/\">Pol\u00edtica de Privacidad.<\/a>\n\t\t\t\t<\/p>\n\t\t\t<\/div>\n\t\t<\/div>\n\t<\/div>\n\t<div class=\"row pt-2\">\n\t\t<div class=\"col-sm\">\n\t\t\t<p><span class=\"wpcf7-form-control-wrap\" data-name=\"acepto\"><span class=\"wpcf7-form-control wpcf7-acceptance\"><span class=\"wpcf7-list-item\"><label><input type=\"checkbox\" name=\"acepto\" value=\"1\" aria-invalid=\"false\" \/><span class=\"wpcf7-list-item-label\"><span class=\"form_contacto_acepta\">Acepto la <a href=\"https:\/\/plenoil.es\/politica-de-privacidad\/\" target=\"_blank\">pol\u00edtica de privacidad<\/a><\/span><\/span><\/label><\/span><\/span><\/span>\n\t\t\t<\/p>\n\t\t<\/div>\n\t<\/div>\n\t<div class=\"row pt-2 mi_recapcha\">\n\t\t<div class=\"col-sm\">\n\t\t<span class=\"wpcf7-form-control-wrap recaptcha\" data-name=\"recaptcha\"><span data-sitekey=\"6LfpADIUAAAAAGtb46UfbTD6toppaTlmw-X-AIgw\" class=\"wpcf7-form-control wpcf7-recaptcha g-recaptcha\"><\/span>\r\n<noscript>\r\n\t<div class=\"grecaptcha-noscript\">\r\n\t\t<iframe src=\"https:\/\/www.google.com\/recaptcha\/api\/fallback?k=6LfpADIUAAAAAGtb46UfbTD6toppaTlmw-X-AIgw\" frameborder=\"0\" scrolling=\"no\" width=\"310\" height=\"430\">\r\n\t\t<\/iframe>\r\n\t\t<textarea name=\"g-recaptcha-response\" rows=\"3\" cols=\"40\" placeholder=\"Aqu\u00ed la respuesta de reCAPTCHA\">\r\n\t\t<\/textarea>\r\n\t<\/div>\r\n<\/noscript>\r\n<\/span>\n\t\t<\/div>\n\t<\/div>\n\t<div class=\"row pt-2\">\n\t\t<div class=\"col-sm\">\n\t\t\t<p><label class=\"boton-naranja\"> <input class=\"wpcf7-form-control wpcf7-submit has-spinner\" type=\"submit\" value=\"Solicitar devoluci\u00f3n\" \/><\/label>\n\t\t\t<\/p>\n\t\t<\/div>\n\t<\/div>\n\t<div class=\"row pt-2\">\n\t\t<div class=\"col-sm\">\n\t\t<div class=\"wpcf7-response-output\" aria-hidden=\"true\"><\/div>\n\t\t<\/div>\n\t<\/div>\n<\/div>\n<\/form>\n<\/div>\n<\/div><\/div>\t\t\t\t<\/div>\n\t\t\t\t<\/div>\n\t\t\t\t<div class=\"elementor-element elementor-element-eda0351 elementor-widget elementor-widget-html\" data-id=\"eda0351\" data-element_type=\"widget\" data-widget_type=\"html.default\">\n\t\t\t\t<div class=\"elementor-widget-container\">\n\t\t\t\t\t<script>\r\n\r\nvar boton = document.querySelector('.wpcf7-submit');\r\n\r\n\t\t \r\n\t\t \r\n document.addEventListener('wpcf7mailsent', function (event) {\r\n    setTimeout(function () {\r\n\r\n    var ele = document.querySelector(\".wpcf7-response-output\");\r\n    if(ele.innerText.indexOf(\"ERROR\")>=0){\r\n        boton.disabled = false;\r\n\t\talert(ele.innerText);\r\n        \/\/var formulario = document.querySelector(\".wpcf7-form\");\r\n        \/\/formulario.classList.add(\"invalid\");\r\n    }else{\r\n        boton.disabled = false;\r\n        location = '\/gracias-devolucion';\r\n    }\r\n    }, 1000);\r\n}, false);   \r\n\r\ndocument.querySelector('form.wpcf7-form').addEventListener('submit',function() {\r\n      boton.disabled = true;\r\n  });\r\n  \r\n  document.addEventListener('wpcf7invalid', function (event) {\r\n      boton.disabled = false;\r\n  });\r\n         \r\n         \r\n         document.addEventListener('DOMContentLoaded', function() {\r\n    \/\/ Obtener referencias a los elementos del DOM\r\n    const fechaCampo = document.getElementById('fecha_id');\r\n    const fechaFormateadaCampo = document.getElementById('fecha_formateada');\r\n\r\n    \/\/ Agregar un evento de cambio al campo de fecha\r\n    fechaCampo.addEventListener('change', function() {\r\n        \/\/ Obtener el valor de la fecha\r\n        \/\/ Obtener el valor de la fecha\r\n        const fechaValor = fechaCampo.value;\r\n\r\n        \/\/ Formatear la fecha de \"Y-m-d\" a \"d-m-Y\"\r\n        const fechaObjeto = new Date(fechaValor);\r\n        const dia = fechaObjeto.getDate();\r\n        const mes = fechaObjeto.getMonth() + 1; \/\/ \u00a1Recuerda que los meses en JavaScript son 0-indexados!\r\n        const a\u00f1o = fechaObjeto.getFullYear();\r\n\r\n        \/\/ Crear la fecha formateada en \"d-m-Y\"\r\n       const fechaFormateada = (dia < 10 ? '0' : '') + dia + '\/' + (mes < 10 ? '0' : '') + mes + '\/' + a\u00f1o;\r\n        \/\/ Actualizar el valor del campo oculto\r\n        fechaFormateadaCampo.value = fechaFormateada;\r\n\r\n        \/\/ Puedes agregar m\u00e1s l\u00f3gica aqu\u00ed seg\u00fan sea necesario\r\n        console.log('Fecha actualizada:', fechaFormateada);\r\n    });\r\n  });\r\n         \r\n    <\/script>\t\t\t\t<\/div>\n\t\t\t\t<\/div>\n\t\t\t\t\t<\/div>\n\t\t<\/div>\n\t\t\t\t\t<\/div>\n\t\t<\/section>\n\t\t\t\t<\/div>\n\t\t","protected":false},"excerpt":{"rendered":"<p>Solicitud de devoluci\u00f3n de cheque Rellene el siguiente formulario para solicitar la devoluci\u00f3n del importe sobrante de su cheque devoluci\u00f3n. Nombre y apellidos * Tel\u00e9fono * Email * N\u00famero de cuenta bancaria * Fecha de repostaje * Hora del repostaje * Hora peninsular Seleccione la gasolinera * Elige una gasolineraA Coru\u00f1a IAdeje IAg\u00fcimes IAg\u00fcimes IIAjalvir [&hellip;]<\/p>\n","protected":false},"author":10,"featured_media":0,"parent":0,"menu_order":0,"comment_status":"closed","ping_status":"closed","template":"","meta":{"footnotes":""},"class_list":["post-19199","page","type-page","status-publish","hentry"],"yoast_head":"<!-- This site is optimized with the Yoast SEO plugin v24.6 - https:\/\/yoast.com\/wordpress\/plugins\/seo\/ -->\n<title>Cheques - Plenergy esta\u00e7\u00f5es de servi\u00e7o<\/title>\n<meta name=\"robots\" content=\"noindex, follow, max-snippet:-1, max-image-preview:large, max-video-preview:-1\" \/>\n<meta property=\"og:locale\" content=\"en_US\" \/>\n<meta property=\"og:type\" content=\"article\" \/>\n<meta property=\"og:title\" content=\"Cheques - Plenergy esta\u00e7\u00f5es de servi\u00e7o\" \/>\n<meta property=\"og:description\" content=\"Solicitud de devoluci\u00f3n de cheque Rellene el siguiente formulario para solicitar la devoluci\u00f3n del importe sobrante de su cheque devoluci\u00f3n. Nombre y apellidos * Tel\u00e9fono * Email * N\u00famero de cuenta bancaria * Fecha de repostaje * Hora del repostaje * Hora peninsular Seleccione la gasolinera * Elige una gasolineraA Coru\u00f1a IAdeje IAg\u00fcimes IAg\u00fcimes IIAjalvir [&hellip;]\" \/>\n<meta property=\"og:url\" content=\"https:\/\/staging.plenergy.pt\/en\/cheques\/\" \/>\n<meta property=\"og:site_name\" content=\"Plenergy esta\u00e7\u00f5es de servi\u00e7o\" \/>\n<meta property=\"article:modified_time\" content=\"2024-05-23T07:58:27+00:00\" \/>\n<meta property=\"og:image\" content=\"https:\/\/staging.plenoil.pt\/wp-content\/uploads\/2023\/11\/Logo-transparente-300x67.png\" \/>\n<meta name=\"twitter:card\" content=\"summary_large_image\" \/>\n<meta name=\"twitter:label1\" content=\"Est. reading time\" \/>\n\t<meta name=\"twitter:data1\" content=\"5 minutes\" \/>\n<script type=\"application\/ld+json\" class=\"yoast-schema-graph\">{\"@context\":\"https:\/\/schema.org\",\"@graph\":[{\"@type\":\"WebPage\",\"@id\":\"https:\/\/staging.plenergy.pt\/en\/cheques\/\",\"url\":\"https:\/\/staging.plenergy.pt\/en\/cheques\/\",\"name\":\"Cheques - Plenergy esta\u00e7\u00f5es de servi\u00e7o\",\"isPartOf\":{\"@id\":\"https:\/\/staging.plenergy.pt\/en\/#website\"},\"primaryImageOfPage\":{\"@id\":\"https:\/\/staging.plenergy.pt\/en\/cheques\/#primaryimage\"},\"image\":{\"@id\":\"https:\/\/staging.plenergy.pt\/en\/cheques\/#primaryimage\"},\"thumbnailUrl\":\"https:\/\/staging.plenoil.pt\/wp-content\/uploads\/2023\/11\/Logo-transparente-300x67.png\",\"datePublished\":\"2024-01-26T11:09:46+00:00\",\"dateModified\":\"2024-05-23T07:58:27+00:00\",\"inLanguage\":\"en-US\",\"potentialAction\":[{\"@type\":\"ReadAction\",\"target\":[\"https:\/\/staging.plenergy.pt\/en\/cheques\/\"]}]},{\"@type\":\"ImageObject\",\"inLanguage\":\"en-US\",\"@id\":\"https:\/\/staging.plenergy.pt\/en\/cheques\/#primaryimage\",\"url\":\"https:\/\/staging.plenoil.pt\/wp-content\/uploads\/2023\/11\/Logo-transparente-300x67.png\",\"contentUrl\":\"https:\/\/staging.plenoil.pt\/wp-content\/uploads\/2023\/11\/Logo-transparente-300x67.png\"},{\"@type\":\"WebSite\",\"@id\":\"https:\/\/staging.plenergy.pt\/en\/#website\",\"url\":\"https:\/\/staging.plenergy.pt\/en\/\",\"name\":\"Plenergy esta\u00e7\u00f5es de servi\u00e7o\",\"description\":\"Mover-se assim d\u00e1 gosto\",\"publisher\":{\"@id\":\"https:\/\/staging.plenergy.pt\/en\/#organization\"},\"potentialAction\":[{\"@type\":\"SearchAction\",\"target\":{\"@type\":\"EntryPoint\",\"urlTemplate\":\"https:\/\/staging.plenergy.pt\/en\/?s={search_term_string}\"},\"query-input\":{\"@type\":\"PropertyValueSpecification\",\"valueRequired\":true,\"valueName\":\"search_term_string\"}}],\"inLanguage\":\"en-US\"},{\"@type\":\"Organization\",\"@id\":\"https:\/\/staging.plenergy.pt\/en\/#organization\",\"name\":\"Plenergy esta\u00e7\u00f5es de servi\u00e7o\",\"url\":\"https:\/\/staging.plenergy.pt\/en\/\",\"logo\":{\"@type\":\"ImageObject\",\"inLanguage\":\"en-US\",\"@id\":\"https:\/\/staging.plenergy.pt\/en\/#\/schema\/logo\/image\/\",\"url\":\"https:\/\/staging.plenergy.pt\/wp-content\/uploads\/2024\/07\/Group-1000004669.png\",\"contentUrl\":\"https:\/\/staging.plenergy.pt\/wp-content\/uploads\/2024\/07\/Group-1000004669.png\",\"width\":418,\"height\":84,\"caption\":\"Plenergy esta\u00e7\u00f5es de servi\u00e7o\"},\"image\":{\"@id\":\"https:\/\/staging.plenergy.pt\/en\/#\/schema\/logo\/image\/\"}}]}<\/script>\n<!-- \/ Yoast SEO plugin. -->","yoast_head_json":{"title":"Cheques - Plenergy esta\u00e7\u00f5es de servi\u00e7o","robots":{"index":"noindex","follow":"follow","max-snippet":"max-snippet:-1","max-image-preview":"max-image-preview:large","max-video-preview":"max-video-preview:-1"},"og_locale":"en_US","og_type":"article","og_title":"Cheques - Plenergy esta\u00e7\u00f5es de servi\u00e7o","og_description":"Solicitud de devoluci\u00f3n de cheque Rellene el siguiente formulario para solicitar la devoluci\u00f3n del importe sobrante de su cheque devoluci\u00f3n. Nombre y apellidos * Tel\u00e9fono * Email * N\u00famero de cuenta bancaria * Fecha de repostaje * Hora del repostaje * Hora peninsular Seleccione la gasolinera * Elige una gasolineraA Coru\u00f1a IAdeje IAg\u00fcimes IAg\u00fcimes IIAjalvir [&hellip;]","og_url":"https:\/\/staging.plenergy.pt\/en\/cheques\/","og_site_name":"Plenergy esta\u00e7\u00f5es de servi\u00e7o","article_modified_time":"2024-05-23T07:58:27+00:00","og_image":[{"url":"https:\/\/staging.plenoil.pt\/wp-content\/uploads\/2023\/11\/Logo-transparente-300x67.png","type":"","width":"","height":""}],"twitter_card":"summary_large_image","twitter_misc":{"Est. reading time":"5 minutes"},"schema":{"@context":"https:\/\/schema.org","@graph":[{"@type":"WebPage","@id":"https:\/\/staging.plenergy.pt\/en\/cheques\/","url":"https:\/\/staging.plenergy.pt\/en\/cheques\/","name":"Cheques - Plenergy esta\u00e7\u00f5es de servi\u00e7o","isPartOf":{"@id":"https:\/\/staging.plenergy.pt\/en\/#website"},"primaryImageOfPage":{"@id":"https:\/\/staging.plenergy.pt\/en\/cheques\/#primaryimage"},"image":{"@id":"https:\/\/staging.plenergy.pt\/en\/cheques\/#primaryimage"},"thumbnailUrl":"https:\/\/staging.plenoil.pt\/wp-content\/uploads\/2023\/11\/Logo-transparente-300x67.png","datePublished":"2024-01-26T11:09:46+00:00","dateModified":"2024-05-23T07:58:27+00:00","inLanguage":"en-US","potentialAction":[{"@type":"ReadAction","target":["https:\/\/staging.plenergy.pt\/en\/cheques\/"]}]},{"@type":"ImageObject","inLanguage":"en-US","@id":"https:\/\/staging.plenergy.pt\/en\/cheques\/#primaryimage","url":"https:\/\/staging.plenoil.pt\/wp-content\/uploads\/2023\/11\/Logo-transparente-300x67.png","contentUrl":"https:\/\/staging.plenoil.pt\/wp-content\/uploads\/2023\/11\/Logo-transparente-300x67.png"},{"@type":"WebSite","@id":"https:\/\/staging.plenergy.pt\/en\/#website","url":"https:\/\/staging.plenergy.pt\/en\/","name":"Plenergy esta\u00e7\u00f5es de servi\u00e7o","description":"Mover-se assim d\u00e1 gosto","publisher":{"@id":"https:\/\/staging.plenergy.pt\/en\/#organization"},"potentialAction":[{"@type":"SearchAction","target":{"@type":"EntryPoint","urlTemplate":"https:\/\/staging.plenergy.pt\/en\/?s={search_term_string}"},"query-input":{"@type":"PropertyValueSpecification","valueRequired":true,"valueName":"search_term_string"}}],"inLanguage":"en-US"},{"@type":"Organization","@id":"https:\/\/staging.plenergy.pt\/en\/#organization","name":"Plenergy esta\u00e7\u00f5es de servi\u00e7o","url":"https:\/\/staging.plenergy.pt\/en\/","logo":{"@type":"ImageObject","inLanguage":"en-US","@id":"https:\/\/staging.plenergy.pt\/en\/#\/schema\/logo\/image\/","url":"https:\/\/staging.plenergy.pt\/wp-content\/uploads\/2024\/07\/Group-1000004669.png","contentUrl":"https:\/\/staging.plenergy.pt\/wp-content\/uploads\/2024\/07\/Group-1000004669.png","width":418,"height":84,"caption":"Plenergy esta\u00e7\u00f5es de servi\u00e7o"},"image":{"@id":"https:\/\/staging.plenergy.pt\/en\/#\/schema\/logo\/image\/"}}]}},"_links":{"self":[{"href":"https:\/\/staging.plenergy.pt\/en\/wp-json\/wp\/v2\/pages\/19199","targetHints":{"allow":["GET"]}}],"collection":[{"href":"https:\/\/staging.plenergy.pt\/en\/wp-json\/wp\/v2\/pages"}],"about":[{"href":"https:\/\/staging.plenergy.pt\/en\/wp-json\/wp\/v2\/types\/page"}],"author":[{"embeddable":true,"href":"https:\/\/staging.plenergy.pt\/en\/wp-json\/wp\/v2\/users\/10"}],"replies":[{"embeddable":true,"href":"https:\/\/staging.plenergy.pt\/en\/wp-json\/wp\/v2\/comments?post=19199"}],"version-history":[{"count":25,"href":"https:\/\/staging.plenergy.pt\/en\/wp-json\/wp\/v2\/pages\/19199\/revisions"}],"predecessor-version":[{"id":19780,"href":"https:\/\/staging.plenergy.pt\/en\/wp-json\/wp\/v2\/pages\/19199\/revisions\/19780"}],"wp:attachment":[{"href":"https:\/\/staging.plenergy.pt\/en\/wp-json\/wp\/v2\/media?parent=19199"}],"curies":[{"name":"wp","href":"https:\/\/api.w.org\/{rel}","templated":true}]}}