{"id":6345,"date":"2022-11-29T01:38:13","date_gmt":"2022-11-29T00:38:13","guid":{"rendered":"https:\/\/staging.plenoil.pt\/quality-and-environmental-policy\/"},"modified":"2023-12-20T08:04:42","modified_gmt":"2023-12-20T07:04:42","slug":"quality-and-environmental-policy","status":"publish","type":"page","link":"https:\/\/staging.plenergy.pt\/en\/quality-and-environmental-policy\/","title":{"rendered":"Quality and environmental policy"},"content":{"rendered":"\t\t<div data-elementor-type=\"wp-page\" data-elementor-id=\"6345\" class=\"elementor elementor-6345 elementor-930\" data-elementor-post-type=\"page\">\n\t\t\t\t\t\t<section class=\"elementor-section elementor-top-section elementor-element elementor-element-f29ad57 elementor-section-boxed elementor-section-height-default elementor-section-height-default\" data-id=\"f29ad57\" data-element_type=\"section\">\n\t\t\t\t\t\t<div class=\"elementor-container elementor-column-gap-no\">\n\t\t\t\t\t<div class=\"elementor-column elementor-col-100 elementor-top-column elementor-element elementor-element-d66a426\" data-id=\"d66a426\" data-element_type=\"column\">\n\t\t\t<div class=\"elementor-widget-wrap elementor-element-populated\">\n\t\t\t\t\t\t<div class=\"elementor-element elementor-element-1d830c7 elementor-widget elementor-widget-spacer\" data-id=\"1d830c7\" data-element_type=\"widget\" data-widget_type=\"spacer.default\">\n\t\t\t\t<div class=\"elementor-widget-container\">\n\t\t\t\t\t\t\t<div class=\"elementor-spacer\">\n\t\t\t<div class=\"elementor-spacer-inner\"><\/div>\n\t\t<\/div>\n\t\t\t\t\t\t<\/div>\n\t\t\t\t<\/div>\n\t\t\t\t<div class=\"elementor-element elementor-element-f7809c7 elementor-widget elementor-widget-heading\" data-id=\"f7809c7\" data-element_type=\"widget\" data-widget_type=\"heading.default\">\n\t\t\t\t<div class=\"elementor-widget-container\">\n\t\t\t\t\t<h2 class=\"elementor-heading-title elementor-size-default\">Quality and environmental policy<\/h2>\t\t\t\t<\/div>\n\t\t\t\t<\/div>\n\t\t\t\t<div class=\"elementor-element elementor-element-2847858 elementor-widget elementor-widget-spacer\" data-id=\"2847858\" data-element_type=\"widget\" data-widget_type=\"spacer.default\">\n\t\t\t\t<div class=\"elementor-widget-container\">\n\t\t\t\t\t\t\t<div class=\"elementor-spacer\">\n\t\t\t<div class=\"elementor-spacer-inner\"><\/div>\n\t\t<\/div>\n\t\t\t\t\t\t<\/div>\n\t\t\t\t<\/div>\n\t\t\t\t<div class=\"elementor-element elementor-element-03fbc51 elementor-widget elementor-widget-text-editor\" data-id=\"03fbc51\" data-element_type=\"widget\" data-widget_type=\"text-editor.default\">\n\t\t\t\t<div class=\"elementor-widget-container\">\n\t\t\t\t\t\t\t\t\t<p><span style=\"color: #ff6600;\"><strong>PLENOIL<\/strong><\/span>in its business of  <span style=\"color: #ff6600;\"><strong>retail fuel sales<\/strong><\/span>The company is committed to quality according to ISO 9001:2015 standards and is aware of the importance of integrating respect for and protection of the environment as an essential variable in the development of its activities according to ISO 14001:2015. Therefore, our organization establishes the following principles:<\/p>\n<ul>\n<li><em>Commitment to comply with legal requirements and other requirements to which the organization subscribes in addition to applicable requirements acquired with customers.<\/em><\/li>\n<li><em>Commitment to continuous improvement of the Management System to achieve the improvement of our environmental performance and our quality management processes.<\/em><\/li>\n<li><em>Environmental protection, including pollution prevention through the application of efficiency criteria in the consumption of natural resources, discharges, emissions and waste generation in the development of our activities, as well as other impacts that our activity may have on the environment, to the extent that it is technically and economically feasible.<\/em><\/li>\n<li><em>To collaborate with our suppliers in order to improve their environmental performance, resulting in greater environmental efficiency of our activity.<\/em><\/li>\n<li><em>Commitment to open and cordial dialogue with the different administrative entities, as well as neighbors and other groups interested in our activities.<\/em><\/li>\n<li><em>To guarantee the correct state of the facilities and adequate equipment in such a way that they are in correspondence with the activity, objectives and goals of the company.<\/em><\/li>\n<\/ul>\n<p><em>These principles are assumed by the Management, which has the necessary means and provides its employees with sufficient resources to comply with them, expressing them and making them public through this Quality and Environmental Policy.<\/em><\/p>\n<p style=\"text-align: right;\"><em>In Madrid, April 09, 2020<\/em><\/p>\n<p style=\"text-align: right;\"><em>Address<\/em><\/p>\n<p style=\"text-align: right;\"><em>Rev. 0<\/em><\/p>\n\t\t\t\t\t\t\t\t<\/div>\n\t\t\t\t<\/div>\n\t\t\t\t<div class=\"elementor-element elementor-element-a1c3bd0 elementor-widget elementor-widget-spacer\" data-id=\"a1c3bd0\" data-element_type=\"widget\" data-widget_type=\"spacer.default\">\n\t\t\t\t<div class=\"elementor-widget-container\">\n\t\t\t\t\t\t\t<div class=\"elementor-spacer\">\n\t\t\t<div class=\"elementor-spacer-inner\"><\/div>\n\t\t<\/div>\n\t\t\t\t\t\t<\/div>\n\t\t\t\t<\/div>\n\t\t\t\t\t<\/div>\n\t\t<\/div>\n\t\t\t\t\t<\/div>\n\t\t<\/section>\n\t\t\t\t<\/div>\n\t\t","protected":false},"excerpt":{"rendered":"<p>Quality and environmental policy PLENOILin its business of retail fuel salesThe company is committed to quality according to ISO 9001:2015 standards and is aware of the importance of integrating respect for and protection of the environment as an essential variable in the development of its activities according to ISO 14001:2015. Therefore, our organization establishes the [&hellip;]<\/p>\n","protected":false},"author":1,"featured_media":0,"parent":0,"menu_order":0,"comment_status":"closed","ping_status":"open","template":"","meta":{"footnotes":""},"class_list":["post-6345","page","type-page","status-publish","hentry"],"yoast_head":"<!-- This site is optimized with the Yoast SEO plugin v24.6 - https:\/\/yoast.com\/wordpress\/plugins\/seo\/ -->\n<title>Quality and environmental policy - Plenergy esta\u00e7\u00f5es de servi\u00e7o<\/title>\n<meta name=\"robots\" content=\"noindex, follow, max-snippet:-1, max-image-preview:large, max-video-preview:-1\" \/>\n<meta property=\"og:locale\" content=\"en_US\" \/>\n<meta property=\"og:type\" content=\"article\" \/>\n<meta property=\"og:title\" content=\"Quality and environmental policy - Plenergy esta\u00e7\u00f5es de servi\u00e7o\" \/>\n<meta property=\"og:description\" content=\"Quality and environmental policy PLENOILin its business of retail fuel salesThe company is committed to quality according to ISO 9001:2015 standards and is aware of the importance of integrating respect for and protection of the environment as an essential variable in the development of its activities according to ISO 14001:2015. Therefore, our organization establishes the [&hellip;]\" \/>\n<meta property=\"og:url\" content=\"https:\/\/staging.plenergy.pt\/en\/quality-and-environmental-policy\/\" \/>\n<meta property=\"og:site_name\" content=\"Plenergy esta\u00e7\u00f5es de servi\u00e7o\" \/>\n<meta property=\"article:modified_time\" content=\"2023-12-20T07:04:42+00:00\" \/>\n<meta name=\"twitter:card\" content=\"summary_large_image\" \/>\n<meta name=\"twitter:label1\" content=\"Est. reading time\" \/>\n\t<meta name=\"twitter:data1\" content=\"1 minute\" \/>\n<script type=\"application\/ld+json\" class=\"yoast-schema-graph\">{\"@context\":\"https:\/\/schema.org\",\"@graph\":[{\"@type\":\"WebPage\",\"@id\":\"https:\/\/staging.plenergy.pt\/en\/quality-and-environmental-policy\/\",\"url\":\"https:\/\/staging.plenergy.pt\/en\/quality-and-environmental-policy\/\",\"name\":\"Quality and environmental policy - Plenergy esta\u00e7\u00f5es de servi\u00e7o\",\"isPartOf\":{\"@id\":\"https:\/\/staging.plenergy.pt\/en\/#website\"},\"datePublished\":\"2022-11-29T00:38:13+00:00\",\"dateModified\":\"2023-12-20T07:04:42+00:00\",\"inLanguage\":\"en-US\",\"potentialAction\":[{\"@type\":\"ReadAction\",\"target\":[\"https:\/\/staging.plenergy.pt\/en\/quality-and-environmental-policy\/\"]}]},{\"@type\":\"WebSite\",\"@id\":\"https:\/\/staging.plenergy.pt\/en\/#website\",\"url\":\"https:\/\/staging.plenergy.pt\/en\/\",\"name\":\"Plenergy esta\u00e7\u00f5es de servi\u00e7o\",\"description\":\"Mover-se assim d\u00e1 gosto\",\"publisher\":{\"@id\":\"https:\/\/staging.plenergy.pt\/en\/#organization\"},\"potentialAction\":[{\"@type\":\"SearchAction\",\"target\":{\"@type\":\"EntryPoint\",\"urlTemplate\":\"https:\/\/staging.plenergy.pt\/en\/?s={search_term_string}\"},\"query-input\":{\"@type\":\"PropertyValueSpecification\",\"valueRequired\":true,\"valueName\":\"search_term_string\"}}],\"inLanguage\":\"en-US\"},{\"@type\":\"Organization\",\"@id\":\"https:\/\/staging.plenergy.pt\/en\/#organization\",\"name\":\"Plenergy esta\u00e7\u00f5es de servi\u00e7o\",\"url\":\"https:\/\/staging.plenergy.pt\/en\/\",\"logo\":{\"@type\":\"ImageObject\",\"inLanguage\":\"en-US\",\"@id\":\"https:\/\/staging.plenergy.pt\/en\/#\/schema\/logo\/image\/\",\"url\":\"https:\/\/staging.plenergy.pt\/wp-content\/uploads\/2024\/07\/Group-1000004669.png\",\"contentUrl\":\"https:\/\/staging.plenergy.pt\/wp-content\/uploads\/2024\/07\/Group-1000004669.png\",\"width\":418,\"height\":84,\"caption\":\"Plenergy esta\u00e7\u00f5es de servi\u00e7o\"},\"image\":{\"@id\":\"https:\/\/staging.plenergy.pt\/en\/#\/schema\/logo\/image\/\"}}]}<\/script>\n<!-- \/ Yoast SEO plugin. -->","yoast_head_json":{"title":"Quality and environmental policy - Plenergy esta\u00e7\u00f5es de servi\u00e7o","robots":{"index":"noindex","follow":"follow","max-snippet":"max-snippet:-1","max-image-preview":"max-image-preview:large","max-video-preview":"max-video-preview:-1"},"og_locale":"en_US","og_type":"article","og_title":"Quality and environmental policy - Plenergy esta\u00e7\u00f5es de servi\u00e7o","og_description":"Quality and environmental policy PLENOILin its business of retail fuel salesThe company is committed to quality according to ISO 9001:2015 standards and is aware of the importance of integrating respect for and protection of the environment as an essential variable in the development of its activities according to ISO 14001:2015. Therefore, our organization establishes the [&hellip;]","og_url":"https:\/\/staging.plenergy.pt\/en\/quality-and-environmental-policy\/","og_site_name":"Plenergy esta\u00e7\u00f5es de servi\u00e7o","article_modified_time":"2023-12-20T07:04:42+00:00","twitter_card":"summary_large_image","twitter_misc":{"Est. reading time":"1 minute"},"schema":{"@context":"https:\/\/schema.org","@graph":[{"@type":"WebPage","@id":"https:\/\/staging.plenergy.pt\/en\/quality-and-environmental-policy\/","url":"https:\/\/staging.plenergy.pt\/en\/quality-and-environmental-policy\/","name":"Quality and environmental policy - Plenergy esta\u00e7\u00f5es de servi\u00e7o","isPartOf":{"@id":"https:\/\/staging.plenergy.pt\/en\/#website"},"datePublished":"2022-11-29T00:38:13+00:00","dateModified":"2023-12-20T07:04:42+00:00","inLanguage":"en-US","potentialAction":[{"@type":"ReadAction","target":["https:\/\/staging.plenergy.pt\/en\/quality-and-environmental-policy\/"]}]},{"@type":"WebSite","@id":"https:\/\/staging.plenergy.pt\/en\/#website","url":"https:\/\/staging.plenergy.pt\/en\/","name":"Plenergy esta\u00e7\u00f5es de servi\u00e7o","description":"Mover-se assim d\u00e1 gosto","publisher":{"@id":"https:\/\/staging.plenergy.pt\/en\/#organization"},"potentialAction":[{"@type":"SearchAction","target":{"@type":"EntryPoint","urlTemplate":"https:\/\/staging.plenergy.pt\/en\/?s={search_term_string}"},"query-input":{"@type":"PropertyValueSpecification","valueRequired":true,"valueName":"search_term_string"}}],"inLanguage":"en-US"},{"@type":"Organization","@id":"https:\/\/staging.plenergy.pt\/en\/#organization","name":"Plenergy esta\u00e7\u00f5es de servi\u00e7o","url":"https:\/\/staging.plenergy.pt\/en\/","logo":{"@type":"ImageObject","inLanguage":"en-US","@id":"https:\/\/staging.plenergy.pt\/en\/#\/schema\/logo\/image\/","url":"https:\/\/staging.plenergy.pt\/wp-content\/uploads\/2024\/07\/Group-1000004669.png","contentUrl":"https:\/\/staging.plenergy.pt\/wp-content\/uploads\/2024\/07\/Group-1000004669.png","width":418,"height":84,"caption":"Plenergy esta\u00e7\u00f5es de servi\u00e7o"},"image":{"@id":"https:\/\/staging.plenergy.pt\/en\/#\/schema\/logo\/image\/"}}]}},"_links":{"self":[{"href":"https:\/\/staging.plenergy.pt\/en\/wp-json\/wp\/v2\/pages\/6345","targetHints":{"allow":["GET"]}}],"collection":[{"href":"https:\/\/staging.plenergy.pt\/en\/wp-json\/wp\/v2\/pages"}],"about":[{"href":"https:\/\/staging.plenergy.pt\/en\/wp-json\/wp\/v2\/types\/page"}],"author":[{"embeddable":true,"href":"https:\/\/staging.plenergy.pt\/en\/wp-json\/wp\/v2\/users\/1"}],"replies":[{"embeddable":true,"href":"https:\/\/staging.plenergy.pt\/en\/wp-json\/wp\/v2\/comments?post=6345"}],"version-history":[{"count":0,"href":"https:\/\/staging.plenergy.pt\/en\/wp-json\/wp\/v2\/pages\/6345\/revisions"}],"wp:attachment":[{"href":"https:\/\/staging.plenergy.pt\/en\/wp-json\/wp\/v2\/media?parent=6345"}],"curies":[{"name":"wp","href":"https:\/\/api.w.org\/{rel}","templated":true}]}}