{"id":12247,"date":"2023-10-27T10:47:33","date_gmt":"2023-10-27T10:47:33","guid":{"rendered":"https:\/\/staging.staging.plenoil.pt\/?page_id=12247"},"modified":"2024-02-08T17:53:42","modified_gmt":"2024-02-08T16:53:42","slug":"actualidad","status":"publish","type":"page","link":"https:\/\/staging.plenergy.pt\/es\/sala-de-prensa\/actualidad\/","title":{"rendered":"Actualidad"},"content":{"rendered":"\t\t<div data-elementor-type=\"wp-page\" data-elementor-id=\"12247\" class=\"elementor elementor-12247\" data-elementor-post-type=\"page\">\n\t\t\t\t\t\t<section class=\"elementor-section elementor-top-section elementor-element elementor-element-74b9045 elementor-section-full_width elementor-section-items-top elementor-section-stretched elementor-section-height-min-height elementor-section-height-default\" data-id=\"74b9045\" data-element_type=\"section\" data-settings=\"{&quot;background_background&quot;:&quot;classic&quot;,&quot;stretch_section&quot;:&quot;section-stretched&quot;}\">\n\t\t\t\t\t\t\t<div class=\"elementor-background-overlay\"><\/div>\n\t\t\t\t\t\t\t<div class=\"elementor-container elementor-column-gap-no\">\n\t\t\t\t\t<div class=\"elementor-column elementor-col-100 elementor-top-column elementor-element elementor-element-5128d24\" data-id=\"5128d24\" data-element_type=\"column\">\n\t\t\t<div class=\"elementor-widget-wrap elementor-element-populated\">\n\t\t\t\t\t\t<section class=\"elementor-section elementor-inner-section elementor-element elementor-element-b521df2 elementor-section-height-min-height elementor-section-boxed elementor-section-height-default elementor-invisible\" data-id=\"b521df2\" data-element_type=\"section\" data-settings=\"{&quot;background_background&quot;:&quot;classic&quot;,&quot;animation&quot;:&quot;fadeIn&quot;,&quot;animation_delay&quot;:1.5}\">\n\t\t\t\t\t\t\t<div class=\"elementor-background-overlay\"><\/div>\n\t\t\t\t\t\t\t<div class=\"elementor-container elementor-column-gap-no\">\n\t\t\t\t\t<div class=\"elementor-column elementor-col-50 elementor-inner-column elementor-element elementor-element-9a4c72f elementor-invisible\" data-id=\"9a4c72f\" data-element_type=\"column\" data-settings=\"{&quot;animation&quot;:&quot;fadeIn&quot;,&quot;animation_delay&quot;:1.5}\">\n\t\t\t<div class=\"elementor-widget-wrap elementor-element-populated\">\n\t\t\t\t\t\t<div class=\"elementor-element elementor-element-b9a8f12 elementor-hidden-desktop elementor-hidden-tablet elementor-widget elementor-widget-spacer\" data-id=\"b9a8f12\" data-element_type=\"widget\" data-widget_type=\"spacer.default\">\n\t\t\t\t<div class=\"elementor-widget-container\">\n\t\t\t\t\t\t\t<div class=\"elementor-spacer\">\n\t\t\t<div class=\"elementor-spacer-inner\"><\/div>\n\t\t<\/div>\n\t\t\t\t\t\t<\/div>\n\t\t\t\t<\/div>\n\t\t\t\t<div class=\"elementor-element elementor-element-fa23c9b elementor-widget elementor-widget-heading\" data-id=\"fa23c9b\" data-element_type=\"widget\" data-widget_type=\"heading.default\">\n\t\t\t\t<div class=\"elementor-widget-container\">\n\t\t\t\t\t<h2 class=\"elementor-heading-title elementor-size-default\">Actualidad<\/h2>\t\t\t\t<\/div>\n\t\t\t\t<\/div>\n\t\t\t\t\t<\/div>\n\t\t<\/div>\n\t\t\t\t<div class=\"elementor-column elementor-col-50 elementor-inner-column elementor-element elementor-element-a57e29c elementor-invisible\" data-id=\"a57e29c\" data-element_type=\"column\" data-settings=\"{&quot;animation&quot;:&quot;fadeIn&quot;,&quot;animation_delay&quot;:1.5}\">\n\t\t\t<div class=\"elementor-widget-wrap\">\n\t\t\t\t\t\t\t<\/div>\n\t\t<\/div>\n\t\t\t\t\t<\/div>\n\t\t<\/section>\n\t\t\t\t\t<\/div>\n\t\t<\/div>\n\t\t\t\t\t<\/div>\n\t\t<\/section>\n\t\t\t\t<section class=\"elementor-section elementor-top-section elementor-element elementor-element-7c90afe elementor-section-boxed elementor-section-height-default elementor-section-height-default\" data-id=\"7c90afe\" data-element_type=\"section\">\n\t\t\t\t\t\t<div class=\"elementor-container elementor-column-gap-default\">\n\t\t\t\t\t<div class=\"elementor-column elementor-col-100 elementor-top-column elementor-element elementor-element-5d446a0\" data-id=\"5d446a0\" data-element_type=\"column\">\n\t\t\t<div class=\"elementor-widget-wrap elementor-element-populated\">\n\t\t\t\t\t\t<div class=\"elementor-element elementor-element-a0d9cf0 elementor-widget elementor-widget-spacer\" data-id=\"a0d9cf0\" data-element_type=\"widget\" data-widget_type=\"spacer.default\">\n\t\t\t\t<div class=\"elementor-widget-container\">\n\t\t\t\t\t\t\t<div class=\"elementor-spacer\">\n\t\t\t<div class=\"elementor-spacer-inner\"><\/div>\n\t\t<\/div>\n\t\t\t\t\t\t<\/div>\n\t\t\t\t<\/div>\n\t\t\t\t\t<\/div>\n\t\t<\/div>\n\t\t\t\t\t<\/div>\n\t\t<\/section>\n\t\t\t\t<section class=\"elementor-section elementor-top-section elementor-element elementor-element-a4a260d elementor-section-boxed elementor-section-height-default elementor-section-height-default\" data-id=\"a4a260d\" data-element_type=\"section\">\n\t\t\t\t\t\t<div class=\"elementor-container elementor-column-gap-default\">\n\t\t\t\t\t<div class=\"elementor-column elementor-col-100 elementor-top-column elementor-element elementor-element-94f8fe3\" data-id=\"94f8fe3\" data-element_type=\"column\">\n\t\t\t<div class=\"elementor-widget-wrap elementor-element-populated\">\n\t\t\t\t\t\t<div class=\"elementor-element elementor-element-b6680b0 elementor-widget elementor-widget-spacer\" data-id=\"b6680b0\" data-element_type=\"widget\" data-widget_type=\"spacer.default\">\n\t\t\t\t<div class=\"elementor-widget-container\">\n\t\t\t\t\t\t\t<div class=\"elementor-spacer\">\n\t\t\t<div class=\"elementor-spacer-inner\"><\/div>\n\t\t<\/div>\n\t\t\t\t\t\t<\/div>\n\t\t\t\t<\/div>\n\t\t\t\t\t<\/div>\n\t\t<\/div>\n\t\t\t\t\t<\/div>\n\t\t<\/section>\n\t\t\t\t<\/div>\n\t\t","protected":false},"excerpt":{"rendered":"<p>Actualidad<\/p>\n","protected":false},"author":10,"featured_media":0,"parent":11935,"menu_order":0,"comment_status":"closed","ping_status":"closed","template":"","meta":{"footnotes":""},"class_list":["post-12247","page","type-page","status-publish","hentry"],"yoast_head":"<!-- This site is optimized with the Yoast SEO plugin v24.6 - https:\/\/yoast.com\/wordpress\/plugins\/seo\/ -->\n<title>Actualidad - Plenergy esta\u00e7\u00f5es de servi\u00e7o<\/title>\n<meta name=\"robots\" content=\"noindex, follow, max-snippet:-1, max-image-preview:large, max-video-preview:-1\" \/>\n<meta property=\"og:locale\" content=\"es_ES\" \/>\n<meta property=\"og:type\" content=\"article\" \/>\n<meta property=\"og:title\" content=\"Actualidad - Plenergy esta\u00e7\u00f5es de servi\u00e7o\" \/>\n<meta property=\"og:description\" content=\"Actualidad\" \/>\n<meta property=\"og:url\" content=\"https:\/\/staging.plenergy.pt\/es\/sala-de-prensa\/actualidad\/\" \/>\n<meta property=\"og:site_name\" content=\"Plenergy esta\u00e7\u00f5es de servi\u00e7o\" \/>\n<meta property=\"article:modified_time\" content=\"2024-02-08T16:53:42+00:00\" \/>\n<meta name=\"twitter:card\" content=\"summary_large_image\" \/>\n<meta name=\"twitter:label1\" content=\"Tiempo de lectura\" \/>\n\t<meta name=\"twitter:data1\" content=\"5 minutos\" \/>\n<script type=\"application\/ld+json\" class=\"yoast-schema-graph\">{\"@context\":\"https:\/\/schema.org\",\"@graph\":[{\"@type\":\"WebPage\",\"@id\":\"https:\/\/staging.plenergy.pt\/es\/sala-de-prensa\/actualidad\/\",\"url\":\"https:\/\/staging.plenergy.pt\/es\/sala-de-prensa\/actualidad\/\",\"name\":\"Actualidad - Plenergy esta\u00e7\u00f5es de servi\u00e7o\",\"isPartOf\":{\"@id\":\"https:\/\/staging.plenergy.pt\/es\/#website\"},\"datePublished\":\"2023-10-27T10:47:33+00:00\",\"dateModified\":\"2024-02-08T16:53:42+00:00\",\"breadcrumb\":{\"@id\":\"https:\/\/staging.plenergy.pt\/es\/sala-de-prensa\/actualidad\/#breadcrumb\"},\"inLanguage\":\"es\",\"potentialAction\":[{\"@type\":\"ReadAction\",\"target\":[\"https:\/\/staging.plenergy.pt\/es\/sala-de-prensa\/actualidad\/\"]}]},{\"@type\":\"BreadcrumbList\",\"@id\":\"https:\/\/staging.plenergy.pt\/es\/sala-de-prensa\/actualidad\/#breadcrumb\",\"itemListElement\":[{\"@type\":\"ListItem\",\"position\":1,\"name\":\"Sala de prensa\",\"item\":\"https:\/\/staging.plenergy.pt\/es\/sala-de-prensa\/\"},{\"@type\":\"ListItem\",\"position\":2,\"name\":\"Actualidad\"}]},{\"@type\":\"WebSite\",\"@id\":\"https:\/\/staging.plenergy.pt\/es\/#website\",\"url\":\"https:\/\/staging.plenergy.pt\/es\/\",\"name\":\"Plenergy esta\u00e7\u00f5es de servi\u00e7o\",\"description\":\"Mover-se assim d\u00e1 gosto\",\"publisher\":{\"@id\":\"https:\/\/staging.plenergy.pt\/es\/#organization\"},\"potentialAction\":[{\"@type\":\"SearchAction\",\"target\":{\"@type\":\"EntryPoint\",\"urlTemplate\":\"https:\/\/staging.plenergy.pt\/es\/?s={search_term_string}\"},\"query-input\":{\"@type\":\"PropertyValueSpecification\",\"valueRequired\":true,\"valueName\":\"search_term_string\"}}],\"inLanguage\":\"es\"},{\"@type\":\"Organization\",\"@id\":\"https:\/\/staging.plenergy.pt\/es\/#organization\",\"name\":\"Plenergy esta\u00e7\u00f5es de servi\u00e7o\",\"url\":\"https:\/\/staging.plenergy.pt\/es\/\",\"logo\":{\"@type\":\"ImageObject\",\"inLanguage\":\"es\",\"@id\":\"https:\/\/staging.plenergy.pt\/es\/#\/schema\/logo\/image\/\",\"url\":\"https:\/\/staging.plenergy.pt\/wp-content\/uploads\/2024\/07\/Group-1000004669.png\",\"contentUrl\":\"https:\/\/staging.plenergy.pt\/wp-content\/uploads\/2024\/07\/Group-1000004669.png\",\"width\":418,\"height\":84,\"caption\":\"Plenergy esta\u00e7\u00f5es de servi\u00e7o\"},\"image\":{\"@id\":\"https:\/\/staging.plenergy.pt\/es\/#\/schema\/logo\/image\/\"}}]}<\/script>\n<!-- \/ Yoast SEO plugin. -->","yoast_head_json":{"title":"Actualidad - Plenergy esta\u00e7\u00f5es de servi\u00e7o","robots":{"index":"noindex","follow":"follow","max-snippet":"max-snippet:-1","max-image-preview":"max-image-preview:large","max-video-preview":"max-video-preview:-1"},"og_locale":"es_ES","og_type":"article","og_title":"Actualidad - Plenergy esta\u00e7\u00f5es de servi\u00e7o","og_description":"Actualidad","og_url":"https:\/\/staging.plenergy.pt\/es\/sala-de-prensa\/actualidad\/","og_site_name":"Plenergy esta\u00e7\u00f5es de servi\u00e7o","article_modified_time":"2024-02-08T16:53:42+00:00","twitter_card":"summary_large_image","twitter_misc":{"Tiempo de lectura":"5 minutos"},"schema":{"@context":"https:\/\/schema.org","@graph":[{"@type":"WebPage","@id":"https:\/\/staging.plenergy.pt\/es\/sala-de-prensa\/actualidad\/","url":"https:\/\/staging.plenergy.pt\/es\/sala-de-prensa\/actualidad\/","name":"Actualidad - Plenergy esta\u00e7\u00f5es de servi\u00e7o","isPartOf":{"@id":"https:\/\/staging.plenergy.pt\/es\/#website"},"datePublished":"2023-10-27T10:47:33+00:00","dateModified":"2024-02-08T16:53:42+00:00","breadcrumb":{"@id":"https:\/\/staging.plenergy.pt\/es\/sala-de-prensa\/actualidad\/#breadcrumb"},"inLanguage":"es","potentialAction":[{"@type":"ReadAction","target":["https:\/\/staging.plenergy.pt\/es\/sala-de-prensa\/actualidad\/"]}]},{"@type":"BreadcrumbList","@id":"https:\/\/staging.plenergy.pt\/es\/sala-de-prensa\/actualidad\/#breadcrumb","itemListElement":[{"@type":"ListItem","position":1,"name":"Sala de prensa","item":"https:\/\/staging.plenergy.pt\/es\/sala-de-prensa\/"},{"@type":"ListItem","position":2,"name":"Actualidad"}]},{"@type":"WebSite","@id":"https:\/\/staging.plenergy.pt\/es\/#website","url":"https:\/\/staging.plenergy.pt\/es\/","name":"Plenergy esta\u00e7\u00f5es de servi\u00e7o","description":"Mover-se assim d\u00e1 gosto","publisher":{"@id":"https:\/\/staging.plenergy.pt\/es\/#organization"},"potentialAction":[{"@type":"SearchAction","target":{"@type":"EntryPoint","urlTemplate":"https:\/\/staging.plenergy.pt\/es\/?s={search_term_string}"},"query-input":{"@type":"PropertyValueSpecification","valueRequired":true,"valueName":"search_term_string"}}],"inLanguage":"es"},{"@type":"Organization","@id":"https:\/\/staging.plenergy.pt\/es\/#organization","name":"Plenergy esta\u00e7\u00f5es de servi\u00e7o","url":"https:\/\/staging.plenergy.pt\/es\/","logo":{"@type":"ImageObject","inLanguage":"es","@id":"https:\/\/staging.plenergy.pt\/es\/#\/schema\/logo\/image\/","url":"https:\/\/staging.plenergy.pt\/wp-content\/uploads\/2024\/07\/Group-1000004669.png","contentUrl":"https:\/\/staging.plenergy.pt\/wp-content\/uploads\/2024\/07\/Group-1000004669.png","width":418,"height":84,"caption":"Plenergy esta\u00e7\u00f5es de servi\u00e7o"},"image":{"@id":"https:\/\/staging.plenergy.pt\/es\/#\/schema\/logo\/image\/"}}]}},"_links":{"self":[{"href":"https:\/\/staging.plenergy.pt\/es\/wp-json\/wp\/v2\/pages\/12247","targetHints":{"allow":["GET"]}}],"collection":[{"href":"https:\/\/staging.plenergy.pt\/es\/wp-json\/wp\/v2\/pages"}],"about":[{"href":"https:\/\/staging.plenergy.pt\/es\/wp-json\/wp\/v2\/types\/page"}],"author":[{"embeddable":true,"href":"https:\/\/staging.plenergy.pt\/es\/wp-json\/wp\/v2\/users\/10"}],"replies":[{"embeddable":true,"href":"https:\/\/staging.plenergy.pt\/es\/wp-json\/wp\/v2\/comments?post=12247"}],"version-history":[{"count":15,"href":"https:\/\/staging.plenergy.pt\/es\/wp-json\/wp\/v2\/pages\/12247\/revisions"}],"predecessor-version":[{"id":17954,"href":"https:\/\/staging.plenergy.pt\/es\/wp-json\/wp\/v2\/pages\/12247\/revisions\/17954"}],"up":[{"embeddable":true,"href":"https:\/\/staging.plenergy.pt\/es\/wp-json\/wp\/v2\/pages\/11935"}],"wp:attachment":[{"href":"https:\/\/staging.plenergy.pt\/es\/wp-json\/wp\/v2\/media?parent=12247"}],"curies":[{"name":"wp","href":"https:\/\/api.w.org\/{rel}","templated":true}]}}