{"id":1571,"date":"2022-12-01T23:49:16","date_gmt":"2022-12-01T23:49:16","guid":{"rendered":"https:\/\/staging.plenoil.pt\/?page_id=1571"},"modified":"2022-12-11T13:22:17","modified_gmt":"2022-12-11T13:22:17","slug":"ofertas-de-empleo","status":"publish","type":"page","link":"https:\/\/staging.plenergy.pt\/es\/ofertas-de-empleo\/","title":{"rendered":"Ofertas de empleo (NO)"},"content":{"rendered":"\t\t<div data-elementor-type=\"wp-page\" data-elementor-id=\"1571\" class=\"elementor elementor-1571\" data-elementor-post-type=\"page\">\n\t\t\t\t\t\t<section class=\"elementor-section elementor-top-section elementor-element elementor-element-da24b37 elementor-section-boxed elementor-section-height-default elementor-section-height-default\" data-id=\"da24b37\" data-element_type=\"section\">\n\t\t\t\t\t\t<div class=\"elementor-container elementor-column-gap-no\">\n\t\t\t\t\t<div class=\"elementor-column elementor-col-100 elementor-top-column elementor-element elementor-element-168f07b\" data-id=\"168f07b\" data-element_type=\"column\">\n\t\t\t<div class=\"elementor-widget-wrap elementor-element-populated\">\n\t\t\t\t\t\t<div class=\"elementor-element elementor-element-8cf6998 elementor-invisible elementor-widget elementor-widget-spacer\" data-id=\"8cf6998\" data-element_type=\"widget\" data-settings=\"{&quot;_animation&quot;:&quot;fadeIn&quot;,&quot;_animation_delay&quot;:1.5}\" data-widget_type=\"spacer.default\">\n\t\t\t\t<div class=\"elementor-widget-container\">\n\t\t\t\t\t\t\t<div class=\"elementor-spacer\">\n\t\t\t<div class=\"elementor-spacer-inner\"><\/div>\n\t\t<\/div>\n\t\t\t\t\t\t<\/div>\n\t\t\t\t<\/div>\n\t\t\t\t<div class=\"elementor-element elementor-element-8fc9de2 elementor-align-left elementor-widget elementor-widget-button\" data-id=\"8fc9de2\" data-element_type=\"widget\" data-widget_type=\"button.default\">\n\t\t\t\t<div class=\"elementor-widget-container\">\n\t\t\t\t\t\t\t\t\t<div class=\"elementor-button-wrapper\">\n\t\t\t\t\t<a class=\"elementor-button elementor-button-link elementor-size-sm elementor-animation-sink\" href=\"https:\/\/staging.plenergy.pt\/empleo\/\">\n\t\t\t\t\t\t<span class=\"elementor-button-content-wrapper\">\n\t\t\t\t\t\t<span class=\"elementor-button-icon\">\n\t\t\t\t<i aria-hidden=\"true\" class=\"icon icon-left-arrows\"><\/i>\t\t\t<\/span>\n\t\t\t\t\t\t\t\t\t<span class=\"elementor-button-text\">VOLVER<\/span>\n\t\t\t\t\t<\/span>\n\t\t\t\t\t<\/a>\n\t\t\t\t<\/div>\n\t\t\t\t\t\t\t\t<\/div>\n\t\t\t\t<\/div>\n\t\t\t\t\t<\/div>\n\t\t<\/div>\n\t\t\t\t\t<\/div>\n\t\t<\/section>\n\t\t\t\t<section class=\"elementor-section elementor-top-section elementor-element elementor-element-4b7b470 elementor-hidden-desktop elementor-section-boxed elementor-section-height-default elementor-section-height-default elementor-invisible\" data-id=\"4b7b470\" data-element_type=\"section\" data-settings=\"{&quot;animation&quot;:&quot;fadeIn&quot;,&quot;animation_delay&quot;:1.5}\">\n\t\t\t\t\t\t<div class=\"elementor-container elementor-column-gap-no\">\n\t\t\t\t\t<div class=\"elementor-column elementor-col-100 elementor-top-column elementor-element elementor-element-c4bf2e0\" data-id=\"c4bf2e0\" data-element_type=\"column\">\n\t\t\t<div class=\"elementor-widget-wrap elementor-element-populated\">\n\t\t\t\t\t\t<div class=\"elementor-element elementor-element-d1b008b elementor-widget elementor-widget-shortcode\" data-id=\"d1b008b\" data-element_type=\"widget\" data-widget_type=\"shortcode.default\">\n\t\t\t\t<div class=\"elementor-widget-container\">\n\t\t\t\t\t\t\t<div class=\"elementor-shortcode\"><p style=\"text-align: left;\"><iframe src=\"https:\/\/empleo.staging.plenoil.pt\/jobs\/\" width=\"1200\" height=\"2000\" scrolling=\"no\"><span data-mce-type=\"bookmark\" style=\"display: inline-block; width: 0px; overflow: visible; line-height: 0;\" class=\"mce_SELRES_start\">\ufeff<\/span><span data-mce-type=\"bookmark\" style=\"display: inline-block; width: 0px; overflow: hidden; line-height: 0;\" class=\"mce_SELRES_start\">\ufeff<\/span><span data-mce-type=\"bookmark\" style=\"display: inline-block; width: 0px; overflow: hidden; line-height: 0;\" class=\"mce_SELRES_start\">\ufeff<\/span><span data-mce-type=\"bookmark\" style=\"display: inline-block; width: 0px; overflow: hidden; line-height: 0;\" class=\"mce_SELRES_start\">\ufeff<\/span><span data-mce-type=\"bookmark\" style=\"display: inline-block; width: 0px; overflow: hidden; line-height: 0;\" class=\"mce_SELRES_start\">\ufeff<\/span><span data-mce-type=\"bookmark\" style=\"display: inline-block; width: 0px; overflow: hidden; line-height: 0;\" class=\"mce_SELRES_start\">\ufeff<\/span><span style=\"display: inline-block; width: 0px; overflow: hidden; line-height: 0;\" data-mce-type=\"bookmark\" class=\"mce_SELRES_start\">\ufeff<\/span><\/iframe><\/p><\/div>\n\t\t\t\t\t\t<\/div>\n\t\t\t\t<\/div>\n\t\t\t\t\t<\/div>\n\t\t<\/div>\n\t\t\t\t\t<\/div>\n\t\t<\/section>\n\t\t\t\t<section class=\"elementor-section elementor-top-section elementor-element elementor-element-d7ae3fa elementor-hidden-tablet elementor-hidden-mobile elementor-section-boxed elementor-section-height-default elementor-section-height-default\" data-id=\"d7ae3fa\" data-element_type=\"section\">\n\t\t\t\t\t\t<div class=\"elementor-container elementor-column-gap-no\">\n\t\t\t\t\t<div class=\"elementor-column elementor-col-100 elementor-top-column elementor-element elementor-element-6f355e8\" data-id=\"6f355e8\" data-element_type=\"column\">\n\t\t\t<div class=\"elementor-widget-wrap elementor-element-populated\">\n\t\t\t\t\t\t<div class=\"elementor-element elementor-element-0e7c4fa elementor-widget elementor-widget-shortcode\" data-id=\"0e7c4fa\" data-element_type=\"widget\" data-widget_type=\"shortcode.default\">\n\t\t\t\t<div class=\"elementor-widget-container\">\n\t\t\t\t\t\t\t<div class=\"elementor-shortcode\"><p style=\"text-align: left;\"><iframe src=\"https:\/\/empleo.staging.plenoil.pt\/jobs\/\" width=\"1200\" height=\"1350\" scrolling=\"no\"><span data-mce-type=\"bookmark\" style=\"display: inline-block; width: 0px; overflow: visible; line-height: 0;\" class=\"mce_SELRES_start\">\ufeff<\/span><span data-mce-type=\"bookmark\" style=\"display: inline-block; width: 0px; overflow: hidden; line-height: 0;\" class=\"mce_SELRES_start\">\ufeff<\/span><span data-mce-type=\"bookmark\" style=\"display: inline-block; width: 0px; overflow: hidden; line-height: 0;\" class=\"mce_SELRES_start\">\ufeff<\/span><span data-mce-type=\"bookmark\" style=\"display: inline-block; width: 0px; overflow: hidden; line-height: 0;\" class=\"mce_SELRES_start\">\ufeff<\/span><span data-mce-type=\"bookmark\" style=\"display: inline-block; width: 0px; overflow: hidden; line-height: 0;\" class=\"mce_SELRES_start\">\ufeff<\/span><span data-mce-type=\"bookmark\" style=\"display: inline-block; width: 0px; overflow: hidden; line-height: 0;\" class=\"mce_SELRES_start\">\ufeff<\/span><span style=\"display: inline-block; width: 0px; overflow: hidden; line-height: 0;\" data-mce-type=\"bookmark\" class=\"mce_SELRES_start\">\ufeff<\/span><\/iframe><\/p><\/div>\n\t\t\t\t\t\t<\/div>\n\t\t\t\t<\/div>\n\t\t\t\t\t<\/div>\n\t\t<\/div>\n\t\t\t\t\t<\/div>\n\t\t<\/section>\n\t\t\t\t<\/div>\n\t\t","protected":false},"excerpt":{"rendered":"<p>VOLVER \ufeff\ufeff\ufeff\ufeff\ufeff\ufeff\ufeff \ufeff\ufeff\ufeff\ufeff\ufeff\ufeff\ufeff<\/p>\n","protected":false},"author":1,"featured_media":0,"parent":0,"menu_order":0,"comment_status":"closed","ping_status":"closed","template":"","meta":{"footnotes":""},"class_list":["post-1571","page","type-page","status-publish","hentry"],"yoast_head":"<!-- This site is optimized with the Yoast SEO plugin v24.6 - https:\/\/yoast.com\/wordpress\/plugins\/seo\/ -->\n<title>Ofertas de empleo (NO) - Plenergy esta\u00e7\u00f5es de servi\u00e7o<\/title>\n<meta name=\"robots\" content=\"noindex, follow, max-snippet:-1, max-image-preview:large, max-video-preview:-1\" \/>\n<meta property=\"og:locale\" content=\"es_ES\" \/>\n<meta property=\"og:type\" content=\"article\" \/>\n<meta property=\"og:title\" content=\"Ofertas de empleo (NO) - Plenergy esta\u00e7\u00f5es de servi\u00e7o\" \/>\n<meta property=\"og:description\" content=\"VOLVER \ufeff\ufeff\ufeff\ufeff\ufeff\ufeff\ufeff \ufeff\ufeff\ufeff\ufeff\ufeff\ufeff\ufeff\" \/>\n<meta property=\"og:url\" content=\"https:\/\/staging.plenergy.pt\/es\/ofertas-de-empleo\/\" \/>\n<meta property=\"og:site_name\" content=\"Plenergy esta\u00e7\u00f5es de servi\u00e7o\" \/>\n<meta property=\"article:modified_time\" content=\"2022-12-11T13:22:17+00:00\" \/>\n<meta name=\"twitter:card\" content=\"summary_large_image\" \/>\n<script type=\"application\/ld+json\" class=\"yoast-schema-graph\">{\"@context\":\"https:\/\/schema.org\",\"@graph\":[{\"@type\":\"WebPage\",\"@id\":\"https:\/\/staging.plenergy.pt\/es\/ofertas-de-empleo\/\",\"url\":\"https:\/\/staging.plenergy.pt\/es\/ofertas-de-empleo\/\",\"name\":\"Ofertas de empleo (NO) - Plenergy esta\u00e7\u00f5es de servi\u00e7o\",\"isPartOf\":{\"@id\":\"https:\/\/staging.plenergy.pt\/es\/#website\"},\"datePublished\":\"2022-12-01T23:49:16+00:00\",\"dateModified\":\"2022-12-11T13:22:17+00:00\",\"inLanguage\":\"es\",\"potentialAction\":[{\"@type\":\"ReadAction\",\"target\":[\"https:\/\/staging.plenergy.pt\/es\/ofertas-de-empleo\/\"]}]},{\"@type\":\"WebSite\",\"@id\":\"https:\/\/staging.plenergy.pt\/es\/#website\",\"url\":\"https:\/\/staging.plenergy.pt\/es\/\",\"name\":\"Plenergy esta\u00e7\u00f5es de servi\u00e7o\",\"description\":\"Mover-se assim d\u00e1 gosto\",\"publisher\":{\"@id\":\"https:\/\/staging.plenergy.pt\/es\/#organization\"},\"potentialAction\":[{\"@type\":\"SearchAction\",\"target\":{\"@type\":\"EntryPoint\",\"urlTemplate\":\"https:\/\/staging.plenergy.pt\/es\/?s={search_term_string}\"},\"query-input\":{\"@type\":\"PropertyValueSpecification\",\"valueRequired\":true,\"valueName\":\"search_term_string\"}}],\"inLanguage\":\"es\"},{\"@type\":\"Organization\",\"@id\":\"https:\/\/staging.plenergy.pt\/es\/#organization\",\"name\":\"Plenergy esta\u00e7\u00f5es de servi\u00e7o\",\"url\":\"https:\/\/staging.plenergy.pt\/es\/\",\"logo\":{\"@type\":\"ImageObject\",\"inLanguage\":\"es\",\"@id\":\"https:\/\/staging.plenergy.pt\/es\/#\/schema\/logo\/image\/\",\"url\":\"https:\/\/staging.plenergy.pt\/wp-content\/uploads\/2024\/07\/Group-1000004669.png\",\"contentUrl\":\"https:\/\/staging.plenergy.pt\/wp-content\/uploads\/2024\/07\/Group-1000004669.png\",\"width\":418,\"height\":84,\"caption\":\"Plenergy esta\u00e7\u00f5es de servi\u00e7o\"},\"image\":{\"@id\":\"https:\/\/staging.plenergy.pt\/es\/#\/schema\/logo\/image\/\"}}]}<\/script>\n<!-- \/ Yoast SEO plugin. -->","yoast_head_json":{"title":"Ofertas de empleo (NO) - Plenergy esta\u00e7\u00f5es de servi\u00e7o","robots":{"index":"noindex","follow":"follow","max-snippet":"max-snippet:-1","max-image-preview":"max-image-preview:large","max-video-preview":"max-video-preview:-1"},"og_locale":"es_ES","og_type":"article","og_title":"Ofertas de empleo (NO) - Plenergy esta\u00e7\u00f5es de servi\u00e7o","og_description":"VOLVER \ufeff\ufeff\ufeff\ufeff\ufeff\ufeff\ufeff \ufeff\ufeff\ufeff\ufeff\ufeff\ufeff\ufeff","og_url":"https:\/\/staging.plenergy.pt\/es\/ofertas-de-empleo\/","og_site_name":"Plenergy esta\u00e7\u00f5es de servi\u00e7o","article_modified_time":"2022-12-11T13:22:17+00:00","twitter_card":"summary_large_image","schema":{"@context":"https:\/\/schema.org","@graph":[{"@type":"WebPage","@id":"https:\/\/staging.plenergy.pt\/es\/ofertas-de-empleo\/","url":"https:\/\/staging.plenergy.pt\/es\/ofertas-de-empleo\/","name":"Ofertas de empleo (NO) - Plenergy esta\u00e7\u00f5es de servi\u00e7o","isPartOf":{"@id":"https:\/\/staging.plenergy.pt\/es\/#website"},"datePublished":"2022-12-01T23:49:16+00:00","dateModified":"2022-12-11T13:22:17+00:00","inLanguage":"es","potentialAction":[{"@type":"ReadAction","target":["https:\/\/staging.plenergy.pt\/es\/ofertas-de-empleo\/"]}]},{"@type":"WebSite","@id":"https:\/\/staging.plenergy.pt\/es\/#website","url":"https:\/\/staging.plenergy.pt\/es\/","name":"Plenergy esta\u00e7\u00f5es de servi\u00e7o","description":"Mover-se assim d\u00e1 gosto","publisher":{"@id":"https:\/\/staging.plenergy.pt\/es\/#organization"},"potentialAction":[{"@type":"SearchAction","target":{"@type":"EntryPoint","urlTemplate":"https:\/\/staging.plenergy.pt\/es\/?s={search_term_string}"},"query-input":{"@type":"PropertyValueSpecification","valueRequired":true,"valueName":"search_term_string"}}],"inLanguage":"es"},{"@type":"Organization","@id":"https:\/\/staging.plenergy.pt\/es\/#organization","name":"Plenergy esta\u00e7\u00f5es de servi\u00e7o","url":"https:\/\/staging.plenergy.pt\/es\/","logo":{"@type":"ImageObject","inLanguage":"es","@id":"https:\/\/staging.plenergy.pt\/es\/#\/schema\/logo\/image\/","url":"https:\/\/staging.plenergy.pt\/wp-content\/uploads\/2024\/07\/Group-1000004669.png","contentUrl":"https:\/\/staging.plenergy.pt\/wp-content\/uploads\/2024\/07\/Group-1000004669.png","width":418,"height":84,"caption":"Plenergy esta\u00e7\u00f5es de servi\u00e7o"},"image":{"@id":"https:\/\/staging.plenergy.pt\/es\/#\/schema\/logo\/image\/"}}]}},"_links":{"self":[{"href":"https:\/\/staging.plenergy.pt\/es\/wp-json\/wp\/v2\/pages\/1571","targetHints":{"allow":["GET"]}}],"collection":[{"href":"https:\/\/staging.plenergy.pt\/es\/wp-json\/wp\/v2\/pages"}],"about":[{"href":"https:\/\/staging.plenergy.pt\/es\/wp-json\/wp\/v2\/types\/page"}],"author":[{"embeddable":true,"href":"https:\/\/staging.plenergy.pt\/es\/wp-json\/wp\/v2\/users\/1"}],"replies":[{"embeddable":true,"href":"https:\/\/staging.plenergy.pt\/es\/wp-json\/wp\/v2\/comments?post=1571"}],"version-history":[{"count":0,"href":"https:\/\/staging.plenergy.pt\/es\/wp-json\/wp\/v2\/pages\/1571\/revisions"}],"wp:attachment":[{"href":"https:\/\/staging.plenergy.pt\/es\/wp-json\/wp\/v2\/media?parent=1571"}],"curies":[{"name":"wp","href":"https:\/\/api.w.org\/{rel}","templated":true}]}}