{"id":2854,"date":"2022-12-12T10:35:15","date_gmt":"2022-12-12T10:35:15","guid":{"rendered":"https:\/\/staging.plenoil.pt\/?page_id=2854"},"modified":"2023-12-18T18:29:47","modified_gmt":"2023-12-18T17:29:47","slug":"nuestras-gasolineras-old","status":"publish","type":"page","link":"https:\/\/staging.plenergy.pt\/es\/nuestras-gasolineras-old\/","title":{"rendered":"Nuestras gasolineras"},"content":{"rendered":"\t\t<div data-elementor-type=\"wp-page\" data-elementor-id=\"2854\" class=\"elementor elementor-2854\" data-elementor-post-type=\"page\">\n\t\t\t\t\t\t<section class=\"elementor-section elementor-top-section elementor-element elementor-element-cc0613c elementor-section-full_width she-header-yes elementor-section-height-default elementor-section-height-default\" data-id=\"cc0613c\" data-element_type=\"section\" data-settings=\"{&quot;background_background&quot;:&quot;classic&quot;,&quot;transparent&quot;:&quot;yes&quot;,&quot;transparent_on&quot;:[&quot;desktop&quot;,&quot;tablet&quot;,&quot;mobile&quot;],&quot;scroll_distance&quot;:{&quot;unit&quot;:&quot;px&quot;,&quot;size&quot;:60,&quot;sizes&quot;:[]},&quot;scroll_distance_tablet&quot;:{&quot;unit&quot;:&quot;px&quot;,&quot;size&quot;:&quot;&quot;,&quot;sizes&quot;:[]},&quot;scroll_distance_mobile&quot;:{&quot;unit&quot;:&quot;px&quot;,&quot;size&quot;:&quot;&quot;,&quot;sizes&quot;:[]},&quot;she_offset_top&quot;:{&quot;unit&quot;:&quot;px&quot;,&quot;size&quot;:0,&quot;sizes&quot;:[]},&quot;she_offset_top_tablet&quot;:{&quot;unit&quot;:&quot;px&quot;,&quot;size&quot;:&quot;&quot;,&quot;sizes&quot;:[]},&quot;she_offset_top_mobile&quot;:{&quot;unit&quot;:&quot;px&quot;,&quot;size&quot;:&quot;&quot;,&quot;sizes&quot;:[]},&quot;she_padding&quot;:{&quot;unit&quot;:&quot;px&quot;,&quot;top&quot;:0,&quot;right&quot;:&quot;&quot;,&quot;bottom&quot;:0,&quot;left&quot;:&quot;&quot;,&quot;isLinked&quot;:true},&quot;she_padding_tablet&quot;:{&quot;unit&quot;:&quot;px&quot;,&quot;top&quot;:&quot;&quot;,&quot;right&quot;:&quot;&quot;,&quot;bottom&quot;:&quot;&quot;,&quot;left&quot;:&quot;&quot;,&quot;isLinked&quot;:true},&quot;she_padding_mobile&quot;:{&quot;unit&quot;:&quot;px&quot;,&quot;top&quot;:&quot;&quot;,&quot;right&quot;:&quot;&quot;,&quot;bottom&quot;:&quot;&quot;,&quot;left&quot;:&quot;&quot;,&quot;isLinked&quot;:true}}\">\n\t\t\t\t\t\t<div class=\"elementor-container elementor-column-gap-no\">\n\t\t\t\t\t<div class=\"elementor-column elementor-col-100 elementor-top-column elementor-element elementor-element-8bb0a04\" data-id=\"8bb0a04\" data-element_type=\"column\">\n\t\t\t<div class=\"elementor-widget-wrap elementor-element-populated\">\n\t\t\t\t\t\t<section class=\"elementor-section elementor-inner-section elementor-element elementor-element-88f57d9 elementor-section-boxed elementor-section-height-default elementor-section-height-default\" data-id=\"88f57d9\" data-element_type=\"section\">\n\t\t\t\t\t\t<div class=\"elementor-container elementor-column-gap-no\">\n\t\t\t\t\t<div class=\"elementor-column elementor-col-50 elementor-inner-column elementor-element elementor-element-31229a6\" data-id=\"31229a6\" data-element_type=\"column\">\n\t\t\t<div class=\"elementor-widget-wrap elementor-element-populated\">\n\t\t\t\t\t\t<div class=\"elementor-element elementor-element-c72584f elementor-widget elementor-widget-theme-site-logo elementor-widget-image\" data-id=\"c72584f\" data-element_type=\"widget\" data-widget_type=\"theme-site-logo.default\">\n\t\t\t\t<div class=\"elementor-widget-container\">\n\t\t\t\t\t\t\t\t\t\t\t<a href=\"https:\/\/staging.plenergy.pt\/es\/\">\n\t\t\t<img decoding=\"async\" width=\"418\" height=\"84\" src=\"https:\/\/staging.plenergy.pt\/wp-content\/uploads\/2024\/07\/Group-1000004669.png\" class=\"attachment-full size-full wp-image-21544\" alt=\"\" srcset=\"https:\/\/staging.plenergy.pt\/wp-content\/uploads\/2024\/07\/Group-1000004669.png 418w, https:\/\/staging.plenergy.pt\/wp-content\/uploads\/2024\/07\/Group-1000004669-300x60.png 300w\" sizes=\"(max-width: 418px) 100vw, 418px\" \/>\t\t\t\t<\/a>\n\t\t\t\t\t\t\t\t\t\t\t<\/div>\n\t\t\t\t<\/div>\n\t\t\t\t\t<\/div>\n\t\t<\/div>\n\t\t\t\t<div class=\"elementor-column elementor-col-50 elementor-inner-column elementor-element elementor-element-ef24463\" data-id=\"ef24463\" data-element_type=\"column\">\n\t\t\t<div class=\"elementor-widget-wrap elementor-element-populated\">\n\t\t\t\t\t\t<div class=\"elementor-element elementor-element-9df87f6 elementor-align-left elementor-widget__width-auto elementor-hidden-mobile elementor-hidden-desktop elementor-hidden-tablet elementor-widget elementor-widget-button\" data-id=\"9df87f6\" data-element_type=\"widget\" data-widget_type=\"button.default\">\n\t\t\t\t<div class=\"elementor-widget-container\">\n\t\t\t\t\t\t\t\t\t<div class=\"elementor-button-wrapper\">\n\t\t\t\t\t<a class=\"elementor-button elementor-button-link elementor-size-xs\" href=\"https:\/\/staging.plenergy.pt\/area-cliente\/\">\n\t\t\t\t\t\t<span class=\"elementor-button-content-wrapper\">\n\t\t\t\t\t\t<span class=\"elementor-button-icon\">\n\t\t\t\t<i aria-hidden=\"true\" class=\"icon icon-chevron-down\"><\/i>\t\t\t<\/span>\n\t\t\t\t\t\t\t\t\t<span class=\"elementor-button-text\">Espa\u00f1ol<\/span>\n\t\t\t\t\t<\/span>\n\t\t\t\t\t<\/a>\n\t\t\t\t<\/div>\n\t\t\t\t\t\t\t\t<\/div>\n\t\t\t\t<\/div>\n\t\t\t\t<div class=\"elementor-element elementor-element-9654c1c elementor-align-left elementor-widget__width-auto elementor-hidden-mobile elementor-widget elementor-widget-button\" data-id=\"9654c1c\" data-element_type=\"widget\" data-widget_type=\"button.default\">\n\t\t\t\t<div class=\"elementor-widget-container\">\n\t\t\t\t\t\t\t\t\t<div class=\"elementor-button-wrapper\">\n\t\t\t\t\t<a class=\"elementor-button elementor-button-link elementor-size-sm\" href=\"https:\/\/staging.plenergy.pt\/contacto\/\">\n\t\t\t\t\t\t<span class=\"elementor-button-content-wrapper\">\n\t\t\t\t\t\t\t\t\t<span class=\"elementor-button-text\">Contacto<\/span>\n\t\t\t\t\t<\/span>\n\t\t\t\t\t<\/a>\n\t\t\t\t<\/div>\n\t\t\t\t\t\t\t\t<\/div>\n\t\t\t\t<\/div>\n\t\t\t\t<div class=\"elementor-element elementor-element-b9b55f6 elementor-align-left elementor-widget__width-auto elementor-hidden-mobile elementor-widget elementor-widget-button\" data-id=\"b9b55f6\" data-element_type=\"widget\" data-widget_type=\"button.default\">\n\t\t\t\t<div class=\"elementor-widget-container\">\n\t\t\t\t\t\t\t\t\t<div class=\"elementor-button-wrapper\">\n\t\t\t\t\t<a class=\"elementor-button elementor-button-link elementor-size-sm\" href=\"https:\/\/clientes.plenoilapp.com\/#\/\">\n\t\t\t\t\t\t<span class=\"elementor-button-content-wrapper\">\n\t\t\t\t\t\t<span class=\"elementor-button-icon\">\n\t\t\t\t<i aria-hidden=\"true\" class=\"icon icon-user\"><\/i>\t\t\t<\/span>\n\t\t\t\t\t\t\t\t\t<span class=\"elementor-button-text\">\u00c1rea cliente<\/span>\n\t\t\t\t\t<\/span>\n\t\t\t\t\t<\/a>\n\t\t\t\t<\/div>\n\t\t\t\t\t\t\t\t<\/div>\n\t\t\t\t<\/div>\n\t\t\t\t<div class=\"elementor-element elementor-element-e7725b9 elementor-align-center elementor-widget__width-auto elementor-hidden-desktop elementor-widget elementor-widget-button\" data-id=\"e7725b9\" data-element_type=\"widget\" data-widget_type=\"button.default\">\n\t\t\t\t<div class=\"elementor-widget-container\">\n\t\t\t\t\t\t\t\t\t<div class=\"elementor-button-wrapper\">\n\t\t\t\t\t<a class=\"elementor-button elementor-button-link elementor-size-sm\" href=\"#elementor-action%3Aaction%3Dpopup%3Aopen%26settings%3DeyJpZCI6NDQ2MiwidG9nZ2xlIjpmYWxzZX0%3D\">\n\t\t\t\t\t\t<span class=\"elementor-button-content-wrapper\">\n\t\t\t\t\t\t<span class=\"elementor-button-icon\">\n\t\t\t\t<i aria-hidden=\"true\" class=\"icon icon-menu1\"><\/i>\t\t\t<\/span>\n\t\t\t\t\t\t\t\t<\/span>\n\t\t\t\t\t<\/a>\n\t\t\t\t<\/div>\n\t\t\t\t\t\t\t\t<\/div>\n\t\t\t\t<\/div>\n\t\t\t\t\t<\/div>\n\t\t<\/div>\n\t\t\t\t\t<\/div>\n\t\t<\/section>\n\t\t\t\t<section class=\"elementor-section elementor-inner-section elementor-element elementor-element-b004bdd elementor-hidden-tablet elementor-hidden-mobile elementor-section-boxed elementor-section-height-default elementor-section-height-default\" data-id=\"b004bdd\" data-element_type=\"section\">\n\t\t\t\t\t\t<div class=\"elementor-container elementor-column-gap-no\">\n\t\t\t\t\t<div class=\"elementor-column elementor-col-100 elementor-inner-column elementor-element elementor-element-579f680\" data-id=\"579f680\" data-element_type=\"column\">\n\t\t\t<div class=\"elementor-widget-wrap elementor-element-populated\">\n\t\t\t\t\t\t<div class=\"elementor-element elementor-element-8c39fff elementor-nav-menu__align-center elementor-nav-menu--dropdown-none elementor-widget elementor-widget-nav-menu\" data-id=\"8c39fff\" data-element_type=\"widget\" data-settings=\"{&quot;submenu_icon&quot;:{&quot;value&quot;:&quot;&lt;i class=\\&quot;fas fa-chevron-down\\&quot;&gt;&lt;\\\/i&gt;&quot;,&quot;library&quot;:&quot;fa-solid&quot;},&quot;layout&quot;:&quot;horizontal&quot;}\" data-widget_type=\"nav-menu.default\">\n\t\t\t\t<div class=\"elementor-widget-container\">\n\t\t\t\t\t\t\t\t<nav aria-label=\"Men\u00fa\" class=\"elementor-nav-menu--main elementor-nav-menu__container elementor-nav-menu--layout-horizontal e--pointer-overline e--animation-grow\">\n\t\t\t\t<ul id=\"menu-1-8c39fff\" class=\"elementor-nav-menu\"><li class=\"menu-item menu-item-type-post_type menu-item-object-page menu-item-2856\"><a href=\"https:\/\/staging.plenergy.pt\/es\/nuestras-gasolineras-old\/\" class=\"elementor-item\">Nuestras gasolineras<\/a><\/li>\n<li class=\"menu-item wpml-ls-slot-14 wpml-ls-item wpml-ls-item-es wpml-ls-current-language wpml-ls-menu-item wpml-ls-last-item menu-item-type-wpml_ls_menu_item menu-item-object-wpml_ls_menu_item menu-item-has-children menu-item-wpml-ls-14-es\"><a href=\"https:\/\/staging.plenergy.pt\/es\/\" title=\"Cambiar a Espa\u00f1ol\" class=\"elementor-item\"><span class=\"wpml-ls-native\" lang=\"es\">Espa\u00f1ol<\/span><\/a>\n<ul class=\"sub-menu elementor-nav-menu--dropdown\">\n\t<li class=\"menu-item wpml-ls-slot-14 wpml-ls-item wpml-ls-item-pt-pt wpml-ls-menu-item wpml-ls-first-item menu-item-type-wpml_ls_menu_item menu-item-object-wpml_ls_menu_item menu-item-wpml-ls-14-pt-pt\"><a href=\"https:\/\/staging.plenergy.pt\/\" title=\"Cambiar a Portugu\u00e9s, Portugal\" class=\"elementor-sub-item\"><span class=\"wpml-ls-native\" lang=\"pt-pt\">Portugu\u00eas<\/span><span class=\"wpml-ls-display\"><span class=\"wpml-ls-bracket\"> (<\/span>Portugu\u00e9s, Portugal<span class=\"wpml-ls-bracket\">)<\/span><\/span><\/a><\/li>\n\t<li class=\"menu-item wpml-ls-slot-14 wpml-ls-item wpml-ls-item-en wpml-ls-menu-item menu-item-type-wpml_ls_menu_item menu-item-object-wpml_ls_menu_item menu-item-wpml-ls-14-en\"><a href=\"https:\/\/staging.plenergy.pt\/en\/\" title=\"Cambiar a Ingl\u00e9s\" class=\"elementor-sub-item\"><span class=\"wpml-ls-native\" lang=\"en\">English<\/span><span class=\"wpml-ls-display\"><span class=\"wpml-ls-bracket\"> (<\/span>Ingl\u00e9s<span class=\"wpml-ls-bracket\">)<\/span><\/span><\/a><\/li>\n<\/ul>\n<\/li>\n<\/ul>\t\t\t<\/nav>\n\t\t\t\t\t\t<nav class=\"elementor-nav-menu--dropdown elementor-nav-menu__container\" aria-hidden=\"true\">\n\t\t\t\t<ul id=\"menu-2-8c39fff\" class=\"elementor-nav-menu\"><li class=\"menu-item menu-item-type-post_type menu-item-object-page menu-item-2856\"><a href=\"https:\/\/staging.plenergy.pt\/es\/nuestras-gasolineras-old\/\" class=\"elementor-item\" tabindex=\"-1\">Nuestras gasolineras<\/a><\/li>\n<li class=\"menu-item wpml-ls-slot-14 wpml-ls-item wpml-ls-item-es wpml-ls-current-language wpml-ls-menu-item wpml-ls-last-item menu-item-type-wpml_ls_menu_item menu-item-object-wpml_ls_menu_item menu-item-has-children menu-item-wpml-ls-14-es\"><a href=\"https:\/\/staging.plenergy.pt\/es\/\" title=\"Cambiar a Espa\u00f1ol\" class=\"elementor-item\" tabindex=\"-1\"><span class=\"wpml-ls-native\" lang=\"es\">Espa\u00f1ol<\/span><\/a>\n<ul class=\"sub-menu elementor-nav-menu--dropdown\">\n\t<li class=\"menu-item wpml-ls-slot-14 wpml-ls-item wpml-ls-item-pt-pt wpml-ls-menu-item wpml-ls-first-item menu-item-type-wpml_ls_menu_item menu-item-object-wpml_ls_menu_item menu-item-wpml-ls-14-pt-pt\"><a href=\"https:\/\/staging.plenergy.pt\/\" title=\"Cambiar a Portugu\u00e9s, Portugal\" class=\"elementor-sub-item\" tabindex=\"-1\"><span class=\"wpml-ls-native\" lang=\"pt-pt\">Portugu\u00eas<\/span><span class=\"wpml-ls-display\"><span class=\"wpml-ls-bracket\"> (<\/span>Portugu\u00e9s, Portugal<span class=\"wpml-ls-bracket\">)<\/span><\/span><\/a><\/li>\n\t<li class=\"menu-item wpml-ls-slot-14 wpml-ls-item wpml-ls-item-en wpml-ls-menu-item menu-item-type-wpml_ls_menu_item menu-item-object-wpml_ls_menu_item menu-item-wpml-ls-14-en\"><a href=\"https:\/\/staging.plenergy.pt\/en\/\" title=\"Cambiar a Ingl\u00e9s\" class=\"elementor-sub-item\" tabindex=\"-1\"><span class=\"wpml-ls-native\" lang=\"en\">English<\/span><span class=\"wpml-ls-display\"><span class=\"wpml-ls-bracket\"> (<\/span>Ingl\u00e9s<span class=\"wpml-ls-bracket\">)<\/span><\/span><\/a><\/li>\n<\/ul>\n<\/li>\n<\/ul>\t\t\t<\/nav>\n\t\t\t\t\t\t<\/div>\n\t\t\t\t<\/div>\n\t\t\t\t\t<\/div>\n\t\t<\/div>\n\t\t\t\t\t<\/div>\n\t\t<\/section>\n\t\t\t\t\t<\/div>\n\t\t<\/div>\n\t\t\t\t\t<\/div>\n\t\t<\/section>\n\t\t\t\t<section class=\"elementor-section elementor-top-section elementor-element elementor-element-b4000c1 elementor-section-full_width elementor-section-height-min-height elementor-section-height-default elementor-section-items-middle\" data-id=\"b4000c1\" data-element_type=\"section\">\n\t\t\t\t\t\t<div class=\"elementor-container elementor-column-gap-no\">\n\t\t\t\t\t<div class=\"elementor-column elementor-col-100 elementor-top-column elementor-element elementor-element-63e7a51\" data-id=\"63e7a51\" data-element_type=\"column\">\n\t\t\t<div class=\"elementor-widget-wrap elementor-element-populated\">\n\t\t\t\t\t\t<div class=\"elementor-element elementor-element-fcc5a88 elementor-widget elementor-widget-text-editor\" data-id=\"fcc5a88\" data-element_type=\"widget\" data-widget_type=\"text-editor.default\">\n\t\t\t\t<div class=\"elementor-widget-container\">\n\t\t\t\t\t\t\t\t\t<p>[mapaplenoil]<\/p>\t\t\t\t\t\t\t\t<\/div>\n\t\t\t\t<\/div>\n\t\t\t\t\t<\/div>\n\t\t<\/div>\n\t\t\t\t\t<\/div>\n\t\t<\/section>\n\t\t\t\t<section class=\"elementor-section elementor-top-section elementor-element elementor-element-b775aff elementor-section-boxed elementor-section-height-default elementor-section-height-default\" data-id=\"b775aff\" data-element_type=\"section\">\n\t\t\t\t\t\t<div class=\"elementor-container elementor-column-gap-default\">\n\t\t\t\t\t<div class=\"elementor-column elementor-col-100 elementor-top-column elementor-element elementor-element-e32028c\" data-id=\"e32028c\" data-element_type=\"column\">\n\t\t\t<div class=\"elementor-widget-wrap\">\n\t\t\t\t\t\t\t<\/div>\n\t\t<\/div>\n\t\t\t\t\t<\/div>\n\t\t<\/section>\n\t\t\t\t<\/div>\n\t\t","protected":false},"excerpt":{"rendered":"<p>Espa\u00f1ol Contacto \u00c1rea cliente [mapaplenoil]<\/p>\n","protected":false},"author":1,"featured_media":0,"parent":0,"menu_order":0,"comment_status":"closed","ping_status":"closed","template":"elementor_canvas","meta":{"footnotes":""},"class_list":["post-2854","page","type-page","status-publish","hentry"],"yoast_head":"<!-- This site is optimized with the Yoast SEO plugin v24.6 - https:\/\/yoast.com\/wordpress\/plugins\/seo\/ -->\n<title>Nuestras gasolineras - Plenergy esta\u00e7\u00f5es de servi\u00e7o<\/title>\n<meta name=\"robots\" content=\"noindex, follow, max-snippet:-1, max-image-preview:large, max-video-preview:-1\" \/>\n<meta property=\"og:locale\" content=\"es_ES\" \/>\n<meta property=\"og:type\" content=\"article\" \/>\n<meta property=\"og:title\" content=\"Nuestras gasolineras - Plenergy esta\u00e7\u00f5es de servi\u00e7o\" \/>\n<meta property=\"og:description\" content=\"Espa\u00f1ol Contacto \u00c1rea cliente [mapaplenoil]\" \/>\n<meta property=\"og:url\" content=\"https:\/\/staging.plenergy.pt\/es\/nuestras-gasolineras-old\/\" \/>\n<meta property=\"og:site_name\" content=\"Plenergy esta\u00e7\u00f5es de servi\u00e7o\" \/>\n<meta property=\"article:modified_time\" content=\"2023-12-18T17:29:47+00:00\" \/>\n<meta name=\"twitter:card\" content=\"summary_large_image\" \/>\n<meta name=\"twitter:label1\" content=\"Tiempo de lectura\" \/>\n\t<meta name=\"twitter:data1\" content=\"1 minuto\" \/>\n<script type=\"application\/ld+json\" class=\"yoast-schema-graph\">{\"@context\":\"https:\/\/schema.org\",\"@graph\":[{\"@type\":\"WebPage\",\"@id\":\"https:\/\/staging.plenergy.pt\/es\/nuestras-gasolineras-old\/\",\"url\":\"https:\/\/staging.plenergy.pt\/es\/nuestras-gasolineras-old\/\",\"name\":\"Nuestras gasolineras - Plenergy esta\u00e7\u00f5es de servi\u00e7o\",\"isPartOf\":{\"@id\":\"https:\/\/staging.plenergy.pt\/es\/#website\"},\"datePublished\":\"2022-12-12T10:35:15+00:00\",\"dateModified\":\"2023-12-18T17:29:47+00:00\",\"inLanguage\":\"es\",\"potentialAction\":[{\"@type\":\"ReadAction\",\"target\":[\"https:\/\/staging.plenergy.pt\/es\/nuestras-gasolineras-old\/\"]}]},{\"@type\":\"WebSite\",\"@id\":\"https:\/\/staging.plenergy.pt\/es\/#website\",\"url\":\"https:\/\/staging.plenergy.pt\/es\/\",\"name\":\"Plenergy esta\u00e7\u00f5es de servi\u00e7o\",\"description\":\"Mover-se assim d\u00e1 gosto\",\"publisher\":{\"@id\":\"https:\/\/staging.plenergy.pt\/es\/#organization\"},\"potentialAction\":[{\"@type\":\"SearchAction\",\"target\":{\"@type\":\"EntryPoint\",\"urlTemplate\":\"https:\/\/staging.plenergy.pt\/es\/?s={search_term_string}\"},\"query-input\":{\"@type\":\"PropertyValueSpecification\",\"valueRequired\":true,\"valueName\":\"search_term_string\"}}],\"inLanguage\":\"es\"},{\"@type\":\"Organization\",\"@id\":\"https:\/\/staging.plenergy.pt\/es\/#organization\",\"name\":\"Plenergy esta\u00e7\u00f5es de servi\u00e7o\",\"url\":\"https:\/\/staging.plenergy.pt\/es\/\",\"logo\":{\"@type\":\"ImageObject\",\"inLanguage\":\"es\",\"@id\":\"https:\/\/staging.plenergy.pt\/es\/#\/schema\/logo\/image\/\",\"url\":\"https:\/\/staging.plenergy.pt\/wp-content\/uploads\/2024\/07\/Group-1000004669.png\",\"contentUrl\":\"https:\/\/staging.plenergy.pt\/wp-content\/uploads\/2024\/07\/Group-1000004669.png\",\"width\":418,\"height\":84,\"caption\":\"Plenergy esta\u00e7\u00f5es de servi\u00e7o\"},\"image\":{\"@id\":\"https:\/\/staging.plenergy.pt\/es\/#\/schema\/logo\/image\/\"}}]}<\/script>\n<!-- \/ Yoast SEO plugin. -->","yoast_head_json":{"title":"Nuestras gasolineras - Plenergy esta\u00e7\u00f5es de servi\u00e7o","robots":{"index":"noindex","follow":"follow","max-snippet":"max-snippet:-1","max-image-preview":"max-image-preview:large","max-video-preview":"max-video-preview:-1"},"og_locale":"es_ES","og_type":"article","og_title":"Nuestras gasolineras - Plenergy esta\u00e7\u00f5es de servi\u00e7o","og_description":"Espa\u00f1ol Contacto \u00c1rea cliente [mapaplenoil]","og_url":"https:\/\/staging.plenergy.pt\/es\/nuestras-gasolineras-old\/","og_site_name":"Plenergy esta\u00e7\u00f5es de servi\u00e7o","article_modified_time":"2023-12-18T17:29:47+00:00","twitter_card":"summary_large_image","twitter_misc":{"Tiempo de lectura":"1 minuto"},"schema":{"@context":"https:\/\/schema.org","@graph":[{"@type":"WebPage","@id":"https:\/\/staging.plenergy.pt\/es\/nuestras-gasolineras-old\/","url":"https:\/\/staging.plenergy.pt\/es\/nuestras-gasolineras-old\/","name":"Nuestras gasolineras - Plenergy esta\u00e7\u00f5es de servi\u00e7o","isPartOf":{"@id":"https:\/\/staging.plenergy.pt\/es\/#website"},"datePublished":"2022-12-12T10:35:15+00:00","dateModified":"2023-12-18T17:29:47+00:00","inLanguage":"es","potentialAction":[{"@type":"ReadAction","target":["https:\/\/staging.plenergy.pt\/es\/nuestras-gasolineras-old\/"]}]},{"@type":"WebSite","@id":"https:\/\/staging.plenergy.pt\/es\/#website","url":"https:\/\/staging.plenergy.pt\/es\/","name":"Plenergy esta\u00e7\u00f5es de servi\u00e7o","description":"Mover-se assim d\u00e1 gosto","publisher":{"@id":"https:\/\/staging.plenergy.pt\/es\/#organization"},"potentialAction":[{"@type":"SearchAction","target":{"@type":"EntryPoint","urlTemplate":"https:\/\/staging.plenergy.pt\/es\/?s={search_term_string}"},"query-input":{"@type":"PropertyValueSpecification","valueRequired":true,"valueName":"search_term_string"}}],"inLanguage":"es"},{"@type":"Organization","@id":"https:\/\/staging.plenergy.pt\/es\/#organization","name":"Plenergy esta\u00e7\u00f5es de servi\u00e7o","url":"https:\/\/staging.plenergy.pt\/es\/","logo":{"@type":"ImageObject","inLanguage":"es","@id":"https:\/\/staging.plenergy.pt\/es\/#\/schema\/logo\/image\/","url":"https:\/\/staging.plenergy.pt\/wp-content\/uploads\/2024\/07\/Group-1000004669.png","contentUrl":"https:\/\/staging.plenergy.pt\/wp-content\/uploads\/2024\/07\/Group-1000004669.png","width":418,"height":84,"caption":"Plenergy esta\u00e7\u00f5es de servi\u00e7o"},"image":{"@id":"https:\/\/staging.plenergy.pt\/es\/#\/schema\/logo\/image\/"}}]}},"_links":{"self":[{"href":"https:\/\/staging.plenergy.pt\/es\/wp-json\/wp\/v2\/pages\/2854","targetHints":{"allow":["GET"]}}],"collection":[{"href":"https:\/\/staging.plenergy.pt\/es\/wp-json\/wp\/v2\/pages"}],"about":[{"href":"https:\/\/staging.plenergy.pt\/es\/wp-json\/wp\/v2\/types\/page"}],"author":[{"embeddable":true,"href":"https:\/\/staging.plenergy.pt\/es\/wp-json\/wp\/v2\/users\/1"}],"replies":[{"embeddable":true,"href":"https:\/\/staging.plenergy.pt\/es\/wp-json\/wp\/v2\/comments?post=2854"}],"version-history":[{"count":0,"href":"https:\/\/staging.plenergy.pt\/es\/wp-json\/wp\/v2\/pages\/2854\/revisions"}],"wp:attachment":[{"href":"https:\/\/staging.plenergy.pt\/es\/wp-json\/wp\/v2\/media?parent=2854"}],"curies":[{"name":"wp","href":"https:\/\/api.w.org\/{rel}","templated":true}]}}