{"id":8931,"date":"2023-04-10T17:57:20","date_gmt":"2023-04-10T17:57:20","guid":{"rendered":"https:\/\/staging.plenoil.pt\/?page_id=8931"},"modified":"2023-12-21T10:00:29","modified_gmt":"2023-12-21T09:00:29","slug":"area-privada","status":"publish","type":"page","link":"https:\/\/staging.plenergy.pt\/es\/area-privada\/","title":{"rendered":"\u00c1rea-Privada"},"content":{"rendered":"\t\t<div data-elementor-type=\"wp-page\" data-elementor-id=\"8931\" class=\"elementor elementor-8931\" data-elementor-post-type=\"page\">\n\t\t\t\t\t\t<section class=\"elementor-section elementor-top-section elementor-element elementor-element-93b2ee4 elementor-section-boxed elementor-section-height-default elementor-section-height-default\" data-id=\"93b2ee4\" data-element_type=\"section\">\n\t\t\t\t\t\t<div class=\"elementor-container elementor-column-gap-default\">\n\t\t\t\t\t<div class=\"elementor-column elementor-col-100 elementor-top-column elementor-element elementor-element-cb67b21\" data-id=\"cb67b21\" data-element_type=\"column\">\n\t\t\t<div class=\"elementor-widget-wrap elementor-element-populated\">\n\t\t\t\t\t\t<div class=\"elementor-element elementor-element-3ade5fd elementor-widget elementor-widget-spacer\" data-id=\"3ade5fd\" data-element_type=\"widget\" data-widget_type=\"spacer.default\">\n\t\t\t\t<div class=\"elementor-widget-container\">\n\t\t\t\t\t\t\t<div class=\"elementor-spacer\">\n\t\t\t<div class=\"elementor-spacer-inner\"><\/div>\n\t\t<\/div>\n\t\t\t\t\t\t<\/div>\n\t\t\t\t<\/div>\n\t\t\t\t\t<\/div>\n\t\t<\/div>\n\t\t\t\t\t<\/div>\n\t\t<\/section>\n\t\t\t\t<section class=\"elementor-section elementor-top-section elementor-element elementor-element-3b7aee2 elementor-section-boxed elementor-section-height-default elementor-section-height-default\" data-id=\"3b7aee2\" data-element_type=\"section\">\n\t\t\t\t\t\t<div class=\"elementor-container elementor-column-gap-default\">\n\t\t\t\t\t<div class=\"elementor-column elementor-col-50 elementor-top-column elementor-element elementor-element-774f2ac\" data-id=\"774f2ac\" data-element_type=\"column\">\n\t\t\t<div class=\"elementor-widget-wrap elementor-element-populated\">\n\t\t\t\t\t\t<div class=\"elementor-element elementor-element-5ef7fd5 elementor-widget elementor-widget-text-editor\" data-id=\"5ef7fd5\" data-element_type=\"widget\" data-widget_type=\"text-editor.default\">\n\t\t\t\t<div class=\"elementor-widget-container\">\n\t\t\t\t\t\t\t\t\t<pre><code><div class=\"custom-css-class content-control-container jp-cc content-control-not-accessible jp-cc-not-accessible\">No tiene acceso al contenido<\/div><\/code><\/pre>\t\t\t\t\t\t\t\t<\/div>\n\t\t\t\t<\/div>\n\t\t\t\t\t<\/div>\n\t\t<\/div>\n\t\t\t\t<div class=\"elementor-column elementor-col-50 elementor-top-column elementor-element elementor-element-c8ed164\" data-id=\"c8ed164\" data-element_type=\"column\">\n\t\t\t<div class=\"elementor-widget-wrap elementor-element-populated\">\n\t\t\t\t\t\t<div class=\"elementor-element elementor-element-2a15551 elementor-widget__width-initial elementor-widget elementor-widget-login\" data-id=\"2a15551\" data-element_type=\"widget\" data-widget_type=\"login.default\">\n\t\t\t\t<div class=\"elementor-widget-container\">\n\t\t\t\t\t\t\t<form class=\"elementor-login elementor-form\" method=\"post\" action=\"https:\/\/staging.plenergy.pt\/es\/panel-plenergy\/\">\n\t\t\t<input type=\"hidden\" name=\"redirect_to\" value=\"\/es\/wp-json\/wp\/v2\/pages\/8931\">\n\t\t\t<div class=\"elementor-form-fields-wrapper\">\n\t\t\t\t<div class=\"elementor-field-type-text elementor-field-group elementor-column elementor-col-100 elementor-field-required\">\n\t\t\t\t\t<label for=\"user-2a15551\" class=\"elementor-field-label\">Nombre de usuario o correo electr\u00f3nico<\/label>\n\t\t\t\t\t<input size=\"1\" type=\"text\" name=\"log\" id=\"user-2a15551\" placeholder=\"\" class=\"elementor-field elementor-field-textual elementor-size-sm\">\n\t\t\t\t<\/div>\n\t\t\t\t<div class=\"elementor-field-type-text elementor-field-group elementor-column elementor-col-100 elementor-field-required\">\n\t\t\t\t\t<label for=\"password-2a15551\" class=\"elementor-field-label\">Contrase\u00f1a<\/label>\n\t\t\t\t\t<input size=\"1\" type=\"password\" name=\"pwd\" id=\"password-2a15551\" placeholder=\"\" class=\"elementor-field elementor-field-textual elementor-size-sm\">\n\t\t\t\t<\/div>\n\n\t\t\t\t\t\t\t\t\t<div class=\"elementor-field-type-checkbox elementor-field-group elementor-column elementor-col-100 elementor-remember-me\">\n\t\t\t\t\t\t<label for=\"elementor-login-remember-me\">\n\t\t\t\t\t\t\t<input type=\"checkbox\" id=\"elementor-login-remember-me\" name=\"rememberme\" value=\"forever\">\n\t\t\t\t\t\t\tRecu\u00e9rdame\t\t\t\t\t\t<\/label>\n\t\t\t\t\t<\/div>\n\t\t\t\t\n\t\t\t\t<div class=\"elementor-field-group elementor-column elementor-field-type-submit elementor-col-100\">\n\t\t\t\t\t<button type=\"submit\" class=\"elementor-size-sm elementor-button\" name=\"wp-submit\">\n\t\t\t\t\t\t\t\t\t\t\t\t\t\t\t<span class=\"elementor-button-text\">Acceder<\/span>\n\t\t\t\t\t\t\t\t\t\t\t\t<\/button>\n\t\t\t\t<\/div>\n\n\t\t\t\t\t\t\t\t\t<div class=\"elementor-field-group elementor-column elementor-col-100\">\n\t\t\t\t\t\t\t\t\t\t\t\t\t\t\t\t\t\t\t\t<a class=\"elementor-lost-password\" href=\"https:\/\/staging.plenergy.pt\/es\/panel-plenergy\/?action=lostpassword&redirect_to=%2Fes%2Fwp-json%2Fwp%2Fv2%2Fpages%2F8931\">\n\t\t\t\t\t\t\t\t\u00bfOlvid\u00f3 su contrase\u00f1a?\t\t\t\t\t\t\t<\/a>\n\t\t\t\t\t\t\n\t\t\t\t\t\t\t\t\t\t\t<\/div>\n\t\t\t\t\t\t\t<\/div>\n\t\t<\/form>\n\t\t\t\t\t\t<\/div>\n\t\t\t\t<\/div>\n\t\t\t\t\t<\/div>\n\t\t<\/div>\n\t\t\t\t\t<\/div>\n\t\t<\/section>\n\t\t\t\t<section class=\"elementor-section elementor-top-section elementor-element elementor-element-ee1a62e elementor-section-boxed elementor-section-height-default elementor-section-height-default\" data-id=\"ee1a62e\" data-element_type=\"section\">\n\t\t\t\t\t\t<div class=\"elementor-container elementor-column-gap-default\">\n\t\t\t\t\t<div class=\"elementor-column elementor-col-100 elementor-top-column elementor-element elementor-element-11b460b\" data-id=\"11b460b\" data-element_type=\"column\">\n\t\t\t<div class=\"elementor-widget-wrap elementor-element-populated\">\n\t\t\t\t\t\t<div class=\"elementor-element elementor-element-916b4df elementor-widget elementor-widget-spacer\" data-id=\"916b4df\" data-element_type=\"widget\" data-widget_type=\"spacer.default\">\n\t\t\t\t<div class=\"elementor-widget-container\">\n\t\t\t\t\t\t\t<div class=\"elementor-spacer\">\n\t\t\t<div class=\"elementor-spacer-inner\"><\/div>\n\t\t<\/div>\n\t\t\t\t\t\t<\/div>\n\t\t\t\t<\/div>\n\t\t\t\t\t<\/div>\n\t\t<\/div>\n\t\t\t\t\t<\/div>\n\t\t<\/section>\n\t\t\t\t<\/div>\n\t\t","protected":false},"excerpt":{"rendered":"","protected":false},"author":1,"featured_media":0,"parent":0,"menu_order":0,"comment_status":"closed","ping_status":"closed","template":"elementor_header_footer","meta":{"footnotes":""},"class_list":["post-8931","page","type-page","status-publish","hentry"],"yoast_head":"<!-- This site is optimized with the Yoast SEO plugin v24.6 - https:\/\/yoast.com\/wordpress\/plugins\/seo\/ -->\n<title>\u00c1rea-Privada - Plenergy esta\u00e7\u00f5es de servi\u00e7o<\/title>\n<meta name=\"robots\" content=\"noindex, follow, max-snippet:-1, max-image-preview:large, max-video-preview:-1\" \/>\n<meta property=\"og:locale\" content=\"es_ES\" \/>\n<meta property=\"og:type\" content=\"article\" \/>\n<meta property=\"og:title\" content=\"\u00c1rea-Privada - Plenergy esta\u00e7\u00f5es de servi\u00e7o\" \/>\n<meta property=\"og:url\" content=\"https:\/\/staging.plenergy.pt\/es\/area-privada\/\" \/>\n<meta property=\"og:site_name\" content=\"Plenergy esta\u00e7\u00f5es de servi\u00e7o\" \/>\n<meta property=\"article:modified_time\" content=\"2023-12-21T09:00:29+00:00\" \/>\n<meta name=\"twitter:card\" content=\"summary_large_image\" \/>\n<meta name=\"twitter:label1\" content=\"Tiempo de lectura\" \/>\n\t<meta name=\"twitter:data1\" content=\"1 minuto\" \/>\n<script type=\"application\/ld+json\" class=\"yoast-schema-graph\">{\"@context\":\"https:\/\/schema.org\",\"@graph\":[{\"@type\":\"WebPage\",\"@id\":\"https:\/\/staging.plenergy.pt\/es\/area-privada\/\",\"url\":\"https:\/\/staging.plenergy.pt\/es\/area-privada\/\",\"name\":\"\u00c1rea-Privada - Plenergy esta\u00e7\u00f5es de servi\u00e7o\",\"isPartOf\":{\"@id\":\"https:\/\/staging.plenergy.pt\/es\/#website\"},\"datePublished\":\"2023-04-10T17:57:20+00:00\",\"dateModified\":\"2023-12-21T09:00:29+00:00\",\"inLanguage\":\"es\",\"potentialAction\":[{\"@type\":\"ReadAction\",\"target\":[\"https:\/\/staging.plenergy.pt\/es\/area-privada\/\"]}]},{\"@type\":\"WebSite\",\"@id\":\"https:\/\/staging.plenergy.pt\/es\/#website\",\"url\":\"https:\/\/staging.plenergy.pt\/es\/\",\"name\":\"Plenergy esta\u00e7\u00f5es de servi\u00e7o\",\"description\":\"Mover-se assim d\u00e1 gosto\",\"publisher\":{\"@id\":\"https:\/\/staging.plenergy.pt\/es\/#organization\"},\"potentialAction\":[{\"@type\":\"SearchAction\",\"target\":{\"@type\":\"EntryPoint\",\"urlTemplate\":\"https:\/\/staging.plenergy.pt\/es\/?s={search_term_string}\"},\"query-input\":{\"@type\":\"PropertyValueSpecification\",\"valueRequired\":true,\"valueName\":\"search_term_string\"}}],\"inLanguage\":\"es\"},{\"@type\":\"Organization\",\"@id\":\"https:\/\/staging.plenergy.pt\/es\/#organization\",\"name\":\"Plenergy esta\u00e7\u00f5es de servi\u00e7o\",\"url\":\"https:\/\/staging.plenergy.pt\/es\/\",\"logo\":{\"@type\":\"ImageObject\",\"inLanguage\":\"es\",\"@id\":\"https:\/\/staging.plenergy.pt\/es\/#\/schema\/logo\/image\/\",\"url\":\"https:\/\/staging.plenergy.pt\/wp-content\/uploads\/2024\/07\/Group-1000004669.png\",\"contentUrl\":\"https:\/\/staging.plenergy.pt\/wp-content\/uploads\/2024\/07\/Group-1000004669.png\",\"width\":418,\"height\":84,\"caption\":\"Plenergy esta\u00e7\u00f5es de servi\u00e7o\"},\"image\":{\"@id\":\"https:\/\/staging.plenergy.pt\/es\/#\/schema\/logo\/image\/\"}}]}<\/script>\n<!-- \/ Yoast SEO plugin. -->","yoast_head_json":{"title":"\u00c1rea-Privada - Plenergy esta\u00e7\u00f5es de servi\u00e7o","robots":{"index":"noindex","follow":"follow","max-snippet":"max-snippet:-1","max-image-preview":"max-image-preview:large","max-video-preview":"max-video-preview:-1"},"og_locale":"es_ES","og_type":"article","og_title":"\u00c1rea-Privada - Plenergy esta\u00e7\u00f5es de servi\u00e7o","og_url":"https:\/\/staging.plenergy.pt\/es\/area-privada\/","og_site_name":"Plenergy esta\u00e7\u00f5es de servi\u00e7o","article_modified_time":"2023-12-21T09:00:29+00:00","twitter_card":"summary_large_image","twitter_misc":{"Tiempo de lectura":"1 minuto"},"schema":{"@context":"https:\/\/schema.org","@graph":[{"@type":"WebPage","@id":"https:\/\/staging.plenergy.pt\/es\/area-privada\/","url":"https:\/\/staging.plenergy.pt\/es\/area-privada\/","name":"\u00c1rea-Privada - Plenergy esta\u00e7\u00f5es de servi\u00e7o","isPartOf":{"@id":"https:\/\/staging.plenergy.pt\/es\/#website"},"datePublished":"2023-04-10T17:57:20+00:00","dateModified":"2023-12-21T09:00:29+00:00","inLanguage":"es","potentialAction":[{"@type":"ReadAction","target":["https:\/\/staging.plenergy.pt\/es\/area-privada\/"]}]},{"@type":"WebSite","@id":"https:\/\/staging.plenergy.pt\/es\/#website","url":"https:\/\/staging.plenergy.pt\/es\/","name":"Plenergy esta\u00e7\u00f5es de servi\u00e7o","description":"Mover-se assim d\u00e1 gosto","publisher":{"@id":"https:\/\/staging.plenergy.pt\/es\/#organization"},"potentialAction":[{"@type":"SearchAction","target":{"@type":"EntryPoint","urlTemplate":"https:\/\/staging.plenergy.pt\/es\/?s={search_term_string}"},"query-input":{"@type":"PropertyValueSpecification","valueRequired":true,"valueName":"search_term_string"}}],"inLanguage":"es"},{"@type":"Organization","@id":"https:\/\/staging.plenergy.pt\/es\/#organization","name":"Plenergy esta\u00e7\u00f5es de servi\u00e7o","url":"https:\/\/staging.plenergy.pt\/es\/","logo":{"@type":"ImageObject","inLanguage":"es","@id":"https:\/\/staging.plenergy.pt\/es\/#\/schema\/logo\/image\/","url":"https:\/\/staging.plenergy.pt\/wp-content\/uploads\/2024\/07\/Group-1000004669.png","contentUrl":"https:\/\/staging.plenergy.pt\/wp-content\/uploads\/2024\/07\/Group-1000004669.png","width":418,"height":84,"caption":"Plenergy esta\u00e7\u00f5es de servi\u00e7o"},"image":{"@id":"https:\/\/staging.plenergy.pt\/es\/#\/schema\/logo\/image\/"}}]}},"_links":{"self":[{"href":"https:\/\/staging.plenergy.pt\/es\/wp-json\/wp\/v2\/pages\/8931","targetHints":{"allow":["GET"]}}],"collection":[{"href":"https:\/\/staging.plenergy.pt\/es\/wp-json\/wp\/v2\/pages"}],"about":[{"href":"https:\/\/staging.plenergy.pt\/es\/wp-json\/wp\/v2\/types\/page"}],"author":[{"embeddable":true,"href":"https:\/\/staging.plenergy.pt\/es\/wp-json\/wp\/v2\/users\/1"}],"replies":[{"embeddable":true,"href":"https:\/\/staging.plenergy.pt\/es\/wp-json\/wp\/v2\/comments?post=8931"}],"version-history":[{"count":0,"href":"https:\/\/staging.plenergy.pt\/es\/wp-json\/wp\/v2\/pages\/8931\/revisions"}],"wp:attachment":[{"href":"https:\/\/staging.plenergy.pt\/es\/wp-json\/wp\/v2\/media?parent=8931"}],"curies":[{"name":"wp","href":"https:\/\/api.w.org\/{rel}","templated":true}]}}